{"id":3,"date":"2021-06-22T03:26:06","date_gmt":"2021-06-22T03:26:06","guid":{"rendered":"http:\/\/box5377\/cgi\/addon_GT.cgi?s=GT::WP::Install::EIG+%28indusvi4%29+-+10.0.87.62+%5BWordpress%3b+\/var\/hp\/common\/lib\/Wordpress.pm%3b+460%3b+Hosting::gap_call%5D\/?page_id=3"},"modified":"2021-09-29T20:47:08","modified_gmt":"2021-09-30T02:47:08","slug":"privacy-policy","status":"publish","type":"page","link":"https:\/\/industriasmercar.com\/tienda\/privacy-policy\/","title":{"rendered":"Pol\u00edticas de privacidad"},"content":{"rendered":"\t\t<div data-elementor-type=\"wp-page\" data-elementor-id=\"3\" class=\"elementor elementor-3\">\n\t\t\t\t\t\t<section class=\"elementor-section elementor-top-section elementor-element elementor-element-85ae554 elementor-section-boxed elementor-section-height-default elementor-section-height-default\" data-id=\"85ae554\" data-element_type=\"section\">\n\t\t\t\t\t\t<div class=\"elementor-container elementor-column-gap-default\">\n\t\t\t\t\t<div class=\"elementor-column elementor-col-100 elementor-top-column elementor-element elementor-element-9e62564\" data-id=\"9e62564\" data-element_type=\"column\">\n\t\t\t<div class=\"elementor-widget-wrap elementor-element-populated\">\n\t\t\t\t\t\t<div class=\"elementor-element elementor-element-3561605 elementor-widget elementor-widget-spacer\" data-id=\"3561605\" data-element_type=\"widget\" data-widget_type=\"spacer.default\">\n\t\t\t\t<div class=\"elementor-widget-container\">\n\t\t\t\t\t\t\t<div class=\"elementor-spacer\">\n\t\t\t<div class=\"elementor-spacer-inner\"><\/div>\n\t\t<\/div>\n\t\t\t\t\t\t<\/div>\n\t\t\t\t<\/div>\n\t\t\t\t\t<\/div>\n\t\t<\/div>\n\t\t\t\t\t<\/div>\n\t\t<\/section>\n\t\t\t\t<section class=\"elementor-section elementor-top-section elementor-element elementor-element-247d8d1 elementor-section-boxed elementor-section-height-default elementor-section-height-default\" data-id=\"247d8d1\" data-element_type=\"section\">\n\t\t\t\t\t\t<div class=\"elementor-container elementor-column-gap-default\">\n\t\t\t\t\t<div class=\"elementor-column elementor-col-100 elementor-top-column elementor-element elementor-element-b39fe54\" data-id=\"b39fe54\" data-element_type=\"column\">\n\t\t\t<div class=\"elementor-widget-wrap elementor-element-populated\">\n\t\t\t\t\t\t<div class=\"elementor-element elementor-element-c75f10a elementor-widget elementor-widget-heading\" data-id=\"c75f10a\" data-element_type=\"widget\" data-widget_type=\"heading.default\">\n\t\t\t\t<div class=\"elementor-widget-container\">\n\t\t\t\t\t<h2 class=\"elementor-heading-title elementor-size-default\"><h2 data-fontsize=\"38\" data-lineheight=\"47.88px\" style=\"margin-bottom: 0px;font-family: Montserrat, Arial, Helvetica, sans-serif;font-weight: 700;line-height: 1.26;flex-grow: 0;padding-right: 45px;padding-left: 45px;font-size: 38px;text-align: center;white-space: normal;--fontSize:38\">Pol\u00edticas de privacidad<\/h2><\/h2>\t\t\t\t<\/div>\n\t\t\t\t<\/div>\n\t\t\t\t\t<\/div>\n\t\t<\/div>\n\t\t\t\t\t<\/div>\n\t\t<\/section>\n\t\t\t\t<section class=\"elementor-section elementor-top-section elementor-element elementor-element-cee3f37 elementor-section-boxed elementor-section-height-default elementor-section-height-default\" data-id=\"cee3f37\" data-element_type=\"section\">\n\t\t\t\t\t\t<div class=\"elementor-container elementor-column-gap-default\">\n\t\t\t\t\t<div class=\"elementor-column elementor-col-100 elementor-top-column elementor-element elementor-element-4f12188\" data-id=\"4f12188\" data-element_type=\"column\">\n\t\t\t<div class=\"elementor-widget-wrap elementor-element-populated\">\n\t\t\t\t\t\t<div class=\"elementor-element elementor-element-7b606ff elementor-widget elementor-widget-spacer\" data-id=\"7b606ff\" data-element_type=\"widget\" data-widget_type=\"spacer.default\">\n\t\t\t\t<div class=\"elementor-widget-container\">\n\t\t\t\t\t\t\t<div class=\"elementor-spacer\">\n\t\t\t<div class=\"elementor-spacer-inner\"><\/div>\n\t\t<\/div>\n\t\t\t\t\t\t<\/div>\n\t\t\t\t<\/div>\n\t\t\t\t\t<\/div>\n\t\t<\/div>\n\t\t\t\t\t<\/div>\n\t\t<\/section>\n\t\t\t\t<section class=\"elementor-section elementor-top-section elementor-element elementor-element-265d5a5d elementor-section-boxed elementor-section-height-default elementor-section-height-default\" data-id=\"265d5a5d\" data-element_type=\"section\">\n\t\t\t\t\t\t<div class=\"elementor-container elementor-column-gap-default\">\n\t\t\t\t\t<div class=\"elementor-column elementor-col-100 elementor-top-column elementor-element elementor-element-4f8ee364\" data-id=\"4f8ee364\" data-element_type=\"column\">\n\t\t\t<div class=\"elementor-widget-wrap elementor-element-populated\">\n\t\t\t\t\t\t<div class=\"elementor-element elementor-element-71ec1207 elementor-widget elementor-widget-text-editor\" data-id=\"71ec1207\" data-element_type=\"widget\" data-widget_type=\"text-editor.default\">\n\t\t\t\t<div class=\"elementor-widget-container\">\n\t\t\t\t\t\t\t\t\t<p>\u00a0<\/p>\n<p style=\"text-align: center;\"><span style=\"color: #000000;\"><strong>Pol\u00edtica de Privacidad Industrias Mercar El Salvador<\/strong><\/span><\/p>\n<p style=\"text-align: center;\"><span style=\"color: #000000;\">Industrias Mercar est\u00e1 consciente de la importancia que representa para usted, el uso que le damos a su informaci\u00f3n personal y el modo en que la compartimos, y agradecemos su confianza de que la tratamos con el debido cuidado y prudencia. Este Aviso de Privacidad describe c\u00f3mo industriasmercar.com y sus marcas (Mr Tshirt) recopilan y procesan su informaci\u00f3n personal a trav\u00e9s de sitios web, dispositivos, productos, servicios, tiendas en l\u00ednea y f\u00edsicas y aplicaciones de Industrias Mercar que hacen referencia a este Aviso de Privacidad Al utilizar Industrias Mercar consiente las pr\u00e1cticas descritas en este Aviso de Privacidad.<\/span><\/p>\n<h1 style=\"color: #000000; font-family: 'Times New Roman'; font-size: medium; text-align: center;\"><strong><span style=\"color: #000000;\">\u00a0<\/span><\/strong><\/h1>\n<h1 style=\"color: #000000; font-family: 'Times New Roman'; font-size: medium; text-align: center;\"><strong><span style=\"color: #000000;\">\u00bfQu\u00e9 informaci\u00f3n personal acerca de los clientes recopila Industrias Mercar?<\/span><\/strong><\/h1>\n<p style=\"color: #000000; font-family: 'Times New Roman'; font-size: medium; text-align: center;\"><span style=\"color: #000000;\">Recopilamos su informaci\u00f3n personal con el fin de proporcionar y mejorar continuamente nuestros productos y servicios.<\/span><\/p>\n<p style=\"color: #000000; font-family: 'Times New Roman'; font-size: medium; text-align: center;\"><span style=\"color: #000000;\">Estos son los tipos de informaci\u00f3n personal que recopilamos:<\/span><\/p>\n<p style=\"color: #000000; font-family: 'Times New Roman'; font-size: medium; text-align: center;\"><span style=\"color: #000000;\">\u00b7 <strong>Informaci\u00f3n que usted nos da:<\/strong> Recibimos y almacenamos cualquier informaci\u00f3n que nos proporciones en relaci\u00f3n con IndustriasMercar.com &#8211; Puede elegir no proporcionar cierta informaci\u00f3n, sin embargo, si as\u00ed lo hace, no podr\u00e1 disfrutar de muchas de las funciones que le ofrecemos.<\/span><\/p>\n<p style=\"color: #000000; font-family: 'Times New Roman'; font-size: medium; text-align: center;\"><span style=\"color: #000000;\">\u00b7 <strong>Informaci\u00f3n autom\u00e1tica:<\/strong> Recopilamos y almacenamos autom\u00e1ticamente determinados tipos de informaci\u00f3n acerca de tu uso de nuestro sitio web, que incluye la informaci\u00f3n sobre tu interacci\u00f3n con el contenido y los servicios disponibles a trav\u00e9s del sitio web. Al igual que muchos sitios web, utilizamos &#8220;cookies&#8221; y otros identificadores \u00fanicos, y obtenemos ciertos tipos de informaci\u00f3n cuando su navegador web o dispositivo accede a industriasmercar.com<\/span><\/p>\n<p style=\"color: #000000; font-family: 'Times New Roman'; font-size: medium; text-align: center;\"><span style=\"color: #000000;\">\u00b7 <strong>Informaci\u00f3n de otras fuentes:<\/strong> Es posible que recibamos informaci\u00f3n sobre usted de otras fuentes, como informaci\u00f3n actualizada de entrega y direcci\u00f3n de nuestros transportistas, que usamos para corregir nuestros registros y entregar su pr\u00f3xima compra m\u00e1s f\u00e1cilmente.<\/span><\/p>\n<h1 style=\"color: #000000; font-family: 'Times New Roman'; font-size: medium; text-align: center;\"><strong>\u00a0<\/strong><\/h1>\n<h1 style=\"color: #000000; font-family: 'Times New Roman'; font-size: medium; text-align: center;\"><strong>\u00bfCon qu\u00e9 fines utiliza Industrias Mercar su informaci\u00f3n personal?<\/strong><\/h1>\n<p style=\"color: #000000; font-family: 'Times New Roman'; font-size: medium; text-align: center;\"><span style=\"color: #000000;\">Utilizamos su informaci\u00f3n personal para operar, proporcionar, desarrollar y mejorar los productos y servicios que ofrecemos a nuestros clientes. Estos fines incluyen:<\/span><\/p>\n<p style=\"color: #000000; font-family: 'Times New Roman'; font-size: medium; text-align: center;\"><span style=\"color: #000000;\">\u00b7 <strong>Compra y entrega de productos<\/strong><strong> y servicios.<\/strong> Usamos su informaci\u00f3n personal para tomar y manejar pedidos, entregar productos y servicios, procesar pagos y comunicarnos con usted acerca de pedidos, productos y servicios, y ofertas promocionales.<\/span><\/p>\n<p style=\"color: #000000; font-family: 'Times New Roman'; font-size: medium; text-align: center;\">\u00b7<span style=\"color: #000000;\"><strong> Proporcionar, solucionar problemas y mejorar:<\/strong> Utilizamos su informaci\u00f3n personal para proporcionar funcionalidad, analizar el rendimiento, corregir errores y mejorar la usabilidad y eficacia de los Servicios y productos que ofrecemos.<\/span><\/p>\n<p style=\"color: #000000; font-family: 'Times New Roman'; font-size: medium; text-align: center;\">\u00b7<span style=\"color: #000000;\"> <strong>Recomendaciones y personalizaci\u00f3n.<\/strong> Utilizamos su informaci\u00f3n personal para recomendar funciones, productos y servicios que puedan ser de su inter\u00e9s, identificar sus preferencias y personalizar su experiencia con nuestras plataformas.<\/span><\/p>\n<p style=\"color: #000000; font-family: 'Times New Roman'; font-size: medium; text-align: center;\">\u00b7 <span style=\"color: #000000;\"><strong>Cumplir con las obligaciones legales.<\/strong> En algunos casos, recopilamos y utilizamos su informaci\u00f3n personal para cumplir con las leyes. Por ejemplo, recopilamos su informaci\u00f3n para tramitar facturas, cr\u00e9ditos fiscales, etc.<\/span><\/p>\n<p style=\"color: #000000; font-family: 'Times New Roman'; font-size: medium; text-align: center;\">\u00b7<span style=\"color: #000000;\"> <strong>Comunicarnos con usted.<\/strong> Utilizamos su informaci\u00f3n personal para comunicarnos con usted en relaci\u00f3n a trav\u00e9s de diferentes canales (por ejemplo, por tel\u00e9fono, correo electr\u00f3nico, chat).<\/span><\/p>\n<p style=\"color: #000000; font-family: 'Times New Roman'; font-size: medium; text-align: center;\">\u00b7 <span style=\"color: #000000;\"><strong>Publicidad.<\/strong> Utilizamos su informaci\u00f3n personal para mostrar anuncios basados en intereses de caracter\u00edsticas, productos y servicios que puedan ser de su inter\u00e9s. No utilizamos informaci\u00f3n que lo identifique personalmente para mostrar anuncios basados en intereses.<\/span><\/p>\n<p style=\"color: #000000; font-family: 'Times New Roman'; font-size: medium; text-align: center;\">\u00b7<span style=\"color: #000000;\"><strong> Prevenci\u00f3n de Fraude y Riesgos de Cr\u00e9dito.<\/strong> Utilizamos informaci\u00f3n personal para prevenir y detectar fraudes y abusos con el fin de proteger la seguridad de nuestros clientes, Industrias Mercar y otros. Podemos utilizar m\u00e9todos de puntuaci\u00f3n para evaluar y gestionar los riesgos crediticios.<\/span><\/p>\n<p style=\"color: #000000; font-family: 'Times New Roman'; font-size: medium;\">\u00a0<\/p>\n<h1 style=\"color: #000000; font-family: 'Times New Roman'; font-size: medium; text-align: center;\"><span style=\"color: #000000;\"><strong>\u00bfQu\u00e9 pasa con las cookies y otros identificadores?<\/strong><\/span><\/h1>\n<p style=\"color: #000000; font-family: 'Times New Roman'; font-size: medium; text-align: center;\"><span style=\"color: #000000;\">Para permitir que nuestros sistemas reconozcan su navegador o dispositivo y proporcionen y mejoren los productos que le brindamos, utilizamos cookies y otros identificadores.<\/span><\/p>\n<p style=\"color: #000000; font-family: 'Times New Roman'; font-size: medium;\">\u00a0<\/p>\n<h1 style=\"color: #000000; font-family: 'Times New Roman'; font-size: medium; text-align: center;\"><strong>\u00bfComparte Industrias Mercar su informaci\u00f3n personal?<\/strong><\/h1>\n<p style=\"color: #000000; font-family: 'Times New Roman'; font-size: medium;\">\u00a0<\/p>\n<p style=\"color: #000000; font-family: 'Times New Roman'; font-size: medium; text-align: center;\"><span style=\"color: #000000;\">La informaci\u00f3n sobre nuestros clientes es una parte importante de nuestro negocio, y no estamos en el negocio de vender la informaci\u00f3n personal de nuestros clientes a otros. Compartimos la informaci\u00f3n de los clientes \u00fanicamente en el modo descrito a continuaci\u00f3n, las cuales o bien est\u00e1n sujetas al presente Aviso de Privacidad o siguen unas pr\u00e1cticas al menos tan protectoras como las descritas en el presente Aviso de Privacidad.<\/span><\/p>\n<p style=\"color: #000000; font-family: 'Times New Roman'; font-size: medium;\">\u00a0<\/p>\n<p style=\"color: #000000; font-family: 'Times New Roman'; font-size: medium; text-align: center;\">\u00b7 <span style=\"color: #000000;\"><strong>Proveedores de servicios externos:<\/strong> Empleamos a otras empresas e individuos para realizar funciones en nuestro nombre. Por ejemplo, empleamos a otras empresas e individuos para realizar funciones en nuestro nombre, como despachar pedidos de productos o servicios, entregar paquetes, enviar correo electr\u00f3nico, eliminar informaci\u00f3n repetitiva de las listas de clientes, analizar datos, brindar asistencia de marketing, proporcionar resultados de b\u00fasqueda y enlaces, procesar pagos, transmitir contenido, puntuar el riesgo de cr\u00e9dito y proporcionar servicio al cliente. Estos proveedores de servicios de terceros tienen acceso a cierta informaci\u00f3n personal necesaria para realizar sus funciones, pero no pueden utilizarla para otros prop\u00f3sitos.<\/span><\/p>\n<p style=\"color: #000000; font-family: 'Times New Roman'; font-size: medium;\">\u00a0<\/p>\n<p style=\"color: #000000; font-family: 'Times New Roman'; font-size: medium; text-align: center;\">\u00b7 <span style=\"color: #000000;\"><strong>Transferencias de negocios:<\/strong> A medida que continuamos desarrollando nuestro negocio, podr\u00edamos vender o comprar otros negocios o servicios. En dichas transacciones, la informaci\u00f3n de los clientes suele ser uno de los activos de los negocios transferidos. Sin embargo, dicha informaci\u00f3n estar\u00e1 en todo caso sujeta a los compromisos adquiridos en cualquier Aviso de Privacidad preexistente (a menos, claro, que el cliente lo autorice de otro modo). Tambi\u00e9n, en el improbable caso de que Industrias Mercar o la mayor parte de sus activos sean adquiridos por un tercero, la informaci\u00f3n relativa a los clientes ser\u00eda uno de los activos transferidos.<\/span><\/p>\n<p style=\"color: #000000; font-family: 'Times New Roman'; font-size: medium;\">\u00a0<\/p>\n<p style=\"color: #000000; font-family: 'Times New Roman'; font-size: medium; text-align: center;\"><span style=\"color: #000000;\">Aparte de lo establecido anteriormente, se le informar\u00e1 en el caso de que cualquier informaci\u00f3n sobre usted sea compartida con terceros, con el objeto de que tenga la oportunidad de decidir si no desea compartir dicha informaci\u00f3n.<\/span><\/p>\n<p style=\"color: #000000; font-family: 'Times New Roman'; font-size: medium;\">\u00a0<\/p>\n<p style=\"color: #000000; font-family: 'Times New Roman'; font-size: medium; text-align: center;\"><span style=\"color: #000000;\"><strong>\u00bfQu\u00e9 tan segura es la informaci\u00f3n sobre m\u00ed?<\/strong><\/span><\/p>\n<p style=\"color: #000000; font-family: 'Times New Roman'; font-size: medium; text-align: center;\">\u00b7 <span style=\"color: #000000;\">Dise\u00f1amos nuestros sistemas y dispositivos teniendo en cuenta tu seguridad y privacidad.<\/span><\/p>\n<p style=\"color: #000000; font-family: 'Times New Roman'; font-size: medium; text-align: center;\">\u00b7 <span style=\"color: #000000;\">Trabajamos para proteger la seguridad de su informaci\u00f3n personal durante la transmisi\u00f3n mediante el uso de protocolos de cifrado y software.<\/span><\/p>\n<p style=\"color: #000000; font-family: 'Times New Roman'; font-size: medium; text-align: center;\"><span style=\"color: #000000;\">\u00b7 Seguimos el est\u00e1ndar de seguridad de datos de la industria de tarjetas de pago cuando manejamos datos de tarjetas de cr\u00e9dito.<\/span><\/p>\n<p style=\"color: #000000; font-family: 'Times New Roman'; font-size: medium; text-align: center;\"><span style=\"color: #000000;\">\u00b7 Mantenemos medidas de seguridad f\u00edsicas, electr\u00f3nicas y de procedimiento en relaci\u00f3n con la recopilaci\u00f3n, almacenamiento y divulgaci\u00f3n de informaci\u00f3n personal del cliente. Nuestros procedimientos de seguridad implican que, solicitamos verificar su identidad antes de que te revelemos informaci\u00f3n personal para asegurarnos de que eres quien dices ser.<\/span><\/p>\n<p style=\"color: #000000; font-family: 'Times New Roman'; font-size: medium; text-align: center;\"><span style=\"color: #000000;\">\u00b7 Nuestros dispositivos ofrecen funciones de seguridad para protegerlos contra el acceso no autorizado y la p\u00e9rdida de datos.<\/span><\/p>\n<p style=\"color: #000000; font-family: 'Times New Roman'; font-size: medium; text-align: center;\"><span style=\"color: #000000;\">\u00b7 Es importante que usted proteja contra el acceso no autorizado a su contrase\u00f1a y a sus equipos, dispositivos y aplicaciones. Recomendamos usar una contrase\u00f1a \u00fanica para su cuenta de Industrias Mercar que no sea utilizada en otras cuentas en l\u00ednea. Aseg\u00farese de cerrar la sesi\u00f3n cuando termine de usar un equipo compartido.<\/span><\/p>\n<p style=\"color: #000000; font-family: 'Times New Roman'; font-size: medium;\">\u00a0<\/p>\n<p style=\"color: #000000; font-family: 'Times New Roman'; font-size: medium; text-align: center;\"><span style=\"color: #000000;\"><strong>\u00bfA qu\u00e9 informaci\u00f3n puedo acceder?<\/strong><\/span><\/p>\n<p style=\"color: #000000; font-family: 'Times New Roman'; font-size: medium; text-align: center;\"><span style=\"color: #000000;\">Puede acceder a su informaci\u00f3n, incluyendo tu nombre, direcci\u00f3n, opciones de pago, informaci\u00f3n de perfil y historial de compras en la secci\u00f3n &#8220;Mi cuenta&#8221; del sitio web.<\/span><\/p>\n<p style=\"color: #000000; font-family: 'Times New Roman'; font-size: medium;\">\u00a0<\/p>\n<p style=\"color: #000000; font-family: 'Times New Roman'; font-size: medium; text-align: center;\"><span style=\"color: #000000;\"><strong>\u00bfQu\u00e9 opciones tengo?<\/strong><\/span><\/p>\n<p style=\"color: #000000; font-family: 'Times New Roman'; font-size: medium; text-align: center;\"><span style=\"color: #000000;\">Si tiene alguna pregunta sobre c\u00f3mo recopilamos y utilizamos su informaci\u00f3n personal, p\u00f3ngase en contacto con nuestro Servicio al Cliente.<\/span><\/p>\n<p style=\"color: #000000; font-family: 'Times New Roman'; font-size: medium;\">\u00a0<\/p>\n<p style=\"color: #000000; font-family: 'Times New Roman'; font-size: medium; text-align: center;\">\u00b7<span style=\"color: #000000;\"> Si no desea recibir correos electr\u00f3nicos u otras comunicaciones de nuestra parte, ajuste la configuraci\u00f3n de su cuenta.<\/span><\/p>\n<p style=\"color: #000000; font-family: 'Times New Roman'; font-size: medium; text-align: center;\"><span style=\"color: #000000;\">\u00b7 La funci\u00f3n Ayuda de la mayor\u00eda de los navegadores y dispositivos le indicar\u00e1 c\u00f3mo evitar que su navegador o dispositivo acepte nuevas cookies u otros identificadores, c\u00f3mo hacer que el navegador le notifique cuando reciba una nueva cookie o c\u00f3mo bloquear las cookies por completo. Dado que las cookies y los identificadores le permiten aprovechar algunas funciones esenciales de Industrias Mercar, le recomendamos que las deje activadas.<\/span><\/p>\n<p style=\"color: #000000; font-family: 'Times New Roman'; font-size: medium; text-align: center;\"><span style=\"color: #000000;\">\u00b7 Si desea navegar por nuestros sitios web sin vincular el historial de navegaci\u00f3n a su cuenta, puede hacerlo cerrando la sesi\u00f3n de su cuenta y bloqueo de cookies en su navegador.<\/span><\/p>\n<p style=\"color: #000000; font-family: 'Times New Roman'; font-size: medium; text-align: center;\"><span style=\"color: #000000;\">\u00b7 Adem\u00e1s, en la medida en que lo exija la legislaci\u00f3n aplicable, puede tener derecho a solicitar acceso a su informaci\u00f3n personal o eliminarla.<\/span><\/p>\n<p style=\"color: #000000; font-family: 'Times New Roman'; font-size: medium;\">\u00a0<\/p>\n<p style=\"color: #000000; font-family: 'Times New Roman'; font-size: medium;\">\u00a0<\/p>\n<p style=\"color: #000000; font-family: 'Times New Roman'; font-size: medium;\">\u00a0<\/p>\n<p style=\"color: #000000; font-family: 'Times New Roman'; font-size: medium; text-align: center;\"><span style=\"color: #000000;\"><strong>\u00bfSe permite que menores de edad utilicen la p\u00e1gina web \u201cIndustriasmercar.com\u201d?<\/strong><\/span><\/p>\n<p style=\"color: #000000; font-family: 'Times New Roman'; font-size: medium;\">\u00a0<\/p>\n<p style=\"color: #000000; font-family: 'Times New Roman'; font-size: medium; text-align: center;\"><span style=\"color: #000000;\">Comercializamos productos para menores de edad para ser adquiridos por personas mayores de edad. Si usted es menor de 18 a\u00f1os, puede utilizar el sitio web de Industriasmercar.com solo con la supervisi\u00f3n de un padre o tutor.<\/span><\/p>\n<p style=\"color: #000000; font-family: 'Times New Roman'; font-size: medium;\">\u00a0<\/p>\n<p style=\"color: #000000; font-family: 'Times New Roman'; font-size: medium; text-align: center;\"><span style=\"color: #000000;\"><strong>Condiciones de Uso, Avisos y Revisiones<\/strong><\/span><\/p>\n<p style=\"color: #000000; font-family: 'Times New Roman'; font-size: medium; text-align: center;\"><span style=\"color: #000000;\">Si decide utilizar \u201cIndustriasMercar.com\u201d su uso y cualquier disputa sobre privacidad est\u00e1n sujetos a este Aviso y nuestras Condiciones de uso. Nuestro negocio cambia constantemente, y nuestro Aviso de Privacidad tambi\u00e9n cambiar\u00e1. Debe consultar nuestros sitios web con frecuencia para ver los cambios recientes. A menos que se indique lo contrario, nuestro Aviso de Privacidad actual ser\u00e1 aplicable a toda la informaci\u00f3n que tenemos referente a usted y a su cuenta. No obstante, somos fieles a nuestra palabra y en ning\u00fan caso modificaremos sustancialmente nuestras pol\u00edticas ni pr\u00e1cticas para hacerlas menos eficaces en la protecci\u00f3n de los datos personales de nuestros clientes recabados en el pasado sin el consentimiento previo de los clientes afectados.<\/span><\/p>\t\t\t\t\t\t\t\t<\/div>\n\t\t\t\t<\/div>\n\t\t\t\t\t<\/div>\n\t\t<\/div>\n\t\t\t\t\t<\/div>\n\t\t<\/section>\n\t\t\t\t<section class=\"elementor-section elementor-top-section elementor-element elementor-element-9bad78e elementor-section-boxed elementor-section-height-default elementor-section-height-default\" data-id=\"9bad78e\" data-element_type=\"section\">\n\t\t\t\t\t\t<div class=\"elementor-container elementor-column-gap-default\">\n\t\t\t\t\t<div class=\"elementor-column elementor-col-100 elementor-top-column elementor-element elementor-element-ae02220\" data-id=\"ae02220\" data-element_type=\"column\">\n\t\t\t<div class=\"elementor-widget-wrap elementor-element-populated\">\n\t\t\t\t\t\t<div class=\"elementor-element elementor-element-9d239df elementor-widget elementor-widget-spacer\" data-id=\"9d239df\" data-element_type=\"widget\" data-widget_type=\"spacer.default\">\n\t\t\t\t<div class=\"elementor-widget-container\">\n\t\t\t\t\t\t\t<div class=\"elementor-spacer\">\n\t\t\t<div class=\"elementor-spacer-inner\"><\/div>\n\t\t<\/div>\n\t\t\t\t\t\t<\/div>\n\t\t\t\t<\/div>\n\t\t\t\t\t<\/div>\n\t\t<\/div>\n\t\t\t\t\t<\/div>\n\t\t<\/section>\n\t\t\t\t<\/div>\n\t\t","protected":false},"excerpt":{"rendered":"<p>Pol\u00edticas de privacidad \u00a0 Pol\u00edtica de Privacidad Industrias Mercar El Salvador Industrias Mercar est\u00e1 consciente de la importancia que representa para usted, el uso que&#8230;<\/p>\n","protected":false},"author":1,"featured_media":0,"parent":0,"menu_order":0,"comment_status":"closed","ping_status":"open","template":"elementor_header_footer","meta":{"nf_dc_page":"","_monsterinsights_skip_tracking":false,"_monsterinsights_sitenote_active":false,"_monsterinsights_sitenote_note":"","_monsterinsights_sitenote_category":0,"footnotes":""},"class_list":["post-3","page","type-page","status-publish","hentry"],"aioseo_notices":[],"_links":{"self":[{"href":"https:\/\/industriasmercar.com\/tienda\/wp-json\/wp\/v2\/pages\/3","targetHints":{"allow":["GET"]}}],"collection":[{"href":"https:\/\/industriasmercar.com\/tienda\/wp-json\/wp\/v2\/pages"}],"about":[{"href":"https:\/\/industriasmercar.com\/tienda\/wp-json\/wp\/v2\/types\/page"}],"author":[{"embeddable":true,"href":"https:\/\/industriasmercar.com\/tienda\/wp-json\/wp\/v2\/users\/1"}],"replies":[{"embeddable":true,"href":"https:\/\/industriasmercar.com\/tienda\/wp-json\/wp\/v2\/comments?post=3"}],"version-history":[{"count":5,"href":"https:\/\/industriasmercar.com\/tienda\/wp-json\/wp\/v2\/pages\/3\/revisions"}],"predecessor-version":[{"id":7741,"href":"https:\/\/industriasmercar.com\/tienda\/wp-json\/wp\/v2\/pages\/3\/revisions\/7741"}],"wp:attachment":[{"href":"https:\/\/industriasmercar.com\/tienda\/wp-json\/wp\/v2\/media?parent=3"}],"curies":[{"name":"wp","href":"https:\/\/api.w.org\/{rel}","templated":true}]}}