{"id":7587,"date":"2021-09-04T10:26:06","date_gmt":"2021-09-04T16:26:06","guid":{"rendered":"https:\/\/industriasmercar.com\/tienda\/?page_id=7587"},"modified":"2021-09-29T20:03:14","modified_gmt":"2021-09-30T02:03:14","slug":"nuestra-historia","status":"publish","type":"page","link":"https:\/\/industriasmercar.com\/tienda\/nuestra-historia\/","title":{"rendered":"Nuestra historia"},"content":{"rendered":"\t\t<div data-elementor-type=\"wp-page\" data-elementor-id=\"7587\" class=\"elementor elementor-7587\">\n\t\t\t\t\t\t<section class=\"elementor-section elementor-top-section elementor-element elementor-element-979caff elementor-section-boxed elementor-section-height-default elementor-section-height-default\" data-id=\"979caff\" data-element_type=\"section\">\n\t\t\t\t\t\t<div class=\"elementor-container elementor-column-gap-default\">\n\t\t\t\t\t<div class=\"elementor-column elementor-col-100 elementor-top-column elementor-element elementor-element-47adf38\" data-id=\"47adf38\" data-element_type=\"column\">\n\t\t\t<div class=\"elementor-widget-wrap elementor-element-populated\">\n\t\t\t\t\t\t<div class=\"elementor-element elementor-element-7648bb4 elementor-widget elementor-widget-spacer\" data-id=\"7648bb4\" data-element_type=\"widget\" data-widget_type=\"spacer.default\">\n\t\t\t\t<div class=\"elementor-widget-container\">\n\t\t\t\t\t\t\t<div class=\"elementor-spacer\">\n\t\t\t<div class=\"elementor-spacer-inner\"><\/div>\n\t\t<\/div>\n\t\t\t\t\t\t<\/div>\n\t\t\t\t<\/div>\n\t\t\t\t\t<\/div>\n\t\t<\/div>\n\t\t\t\t\t<\/div>\n\t\t<\/section>\n\t\t\t\t<section class=\"elementor-section elementor-top-section elementor-element elementor-element-80cf5cb elementor-section-boxed elementor-section-height-default elementor-section-height-default\" data-id=\"80cf5cb\" data-element_type=\"section\">\n\t\t\t\t\t\t<div class=\"elementor-container elementor-column-gap-default\">\n\t\t\t\t\t<div class=\"elementor-column elementor-col-100 elementor-top-column elementor-element elementor-element-3777a55\" data-id=\"3777a55\" data-element_type=\"column\">\n\t\t\t<div class=\"elementor-widget-wrap elementor-element-populated\">\n\t\t\t\t\t\t<div class=\"elementor-element elementor-element-bbc9381 elementor-widget elementor-widget-heading\" data-id=\"bbc9381\" data-element_type=\"widget\" data-widget_type=\"heading.default\">\n\t\t\t\t<div class=\"elementor-widget-container\">\n\t\t\t\t\t<h2 class=\"elementor-heading-title elementor-size-default\"><h2 data-fontsize=\"38\" data-lineheight=\"47.88px\" style=\"margin-bottom: 0px;font-family: Montserrat, Arial, Helvetica, sans-serif;font-weight: 700;line-height: 1.26;flex-grow: 0;padding-right: 45px;padding-left: 45px;font-size: 38px;white-space: normal;--fontSize:38\">Nuestra Historia<\/h2><\/h2>\t\t\t\t<\/div>\n\t\t\t\t<\/div>\n\t\t\t\t\t<\/div>\n\t\t<\/div>\n\t\t\t\t\t<\/div>\n\t\t<\/section>\n\t\t\t\t<section class=\"elementor-section elementor-top-section elementor-element elementor-element-808ded3 elementor-section-full_width elementor-section-height-default elementor-section-height-default\" data-id=\"808ded3\" data-element_type=\"section\">\n\t\t\t\t\t\t<div class=\"elementor-container elementor-column-gap-default\">\n\t\t\t\t\t<div class=\"elementor-column elementor-col-16 elementor-top-column elementor-element elementor-element-deba5e0\" data-id=\"deba5e0\" data-element_type=\"column\">\n\t\t\t<div class=\"elementor-widget-wrap\">\n\t\t\t\t\t\t\t<\/div>\n\t\t<\/div>\n\t\t\t\t<div class=\"elementor-column elementor-col-66 elementor-top-column elementor-element elementor-element-77560a5\" data-id=\"77560a5\" data-element_type=\"column\">\n\t\t\t<div class=\"elementor-widget-wrap elementor-element-populated\">\n\t\t\t\t\t\t<div class=\"elementor-element elementor-element-a70b6c4 elementor-widget elementor-widget-text-editor\" data-id=\"a70b6c4\" data-element_type=\"widget\" data-widget_type=\"text-editor.default\">\n\t\t\t\t<div class=\"elementor-widget-container\">\n\t\t\t\t\t\t\t\t\t<p style=\"color: #000000; font-family: 'Times New Roman'; font-size: medium; text-align: center;\">\u00a0<\/p><p style=\"color: #000000; font-family: 'Times New Roman'; font-size: medium; text-align: center;\">Industrias MERCAR nace en Mayo del 2011 con el prop\u00f3sito de transformar la industria de la camiseta b\u00e1sica en la regi\u00f3n Centro Americana, el sur de M\u00e9xico y norte de Sur Am\u00e9rica. En los a\u00f1os anteriores, esta regi\u00f3n se abastec\u00eda de camisetas importadas de china y\/o de camisetas fabricadas en talleres de costura peque\u00f1os y empresas diversificadas en muchos tipos de productos. Debido a la naturaleza de la industria, el proceso era ineficiente y de muy alto costo.\u00a0<\/p><p style=\"color: #000000; font-family: 'Times New Roman'; font-size: medium; text-align: center;\">Observando esta misma industria en pa\u00edses donde hab\u00eda llegado a su madurez, notamos que el mercado estaba dominado por unos pocos fabricantes grandes que estaban muy enfocados, con l\u00edneas de productos bien definidas y que gozaban de econom\u00edas de escala que en industrias de menos madurez no se ten\u00eda. Esto les permit\u00eda ser m\u00e1s eficientes, m\u00e1s consistentes y tambi\u00e9n manejar inventarios para lograr entregas de forma inmediata.<\/p><p style=\"color: #000000; font-family: 'Times New Roman'; font-size: medium;\">Tomando los pa\u00edses con la industria madura como ejemplo, definimos nuestro modelo de negocio de la siguiente manera:<\/p><p style=\"color: #000000; font-family: 'Times New Roman'; font-size: medium;\">\u2022 Definir una l\u00ednea de productos estandarizada para lograr mejores eficiencias, consistencia en calidad y servicio.<\/p><p style=\"color: #000000; font-family: 'Times New Roman'; font-size: medium;\">\u2022\u00a0 Integrarnos verticalmente para obtener m\u00e1s control sobre nuestro producto y menor costo de fabricaci\u00f3n.<\/p><p style=\"color: #000000; font-family: 'Times New Roman'; font-size: medium;\">\u2022 Establecer niveles de inventario e implementar sistemas de reabastecimiento para mantener el servicio de entrega inmediata.<\/p><p style=\"color: #000000; font-family: 'Times New Roman'; font-size: medium;\">\u2022 Mantener un enfoque riguroso en dise\u00f1ar nuestros productos y procesos de forma eficiente para lograr los costos m\u00e1s bajos de producci\u00f3n con la m\u00e1s alta calidad.<\/p><p style=\"color: #000000; font-family: 'Times New Roman'; font-size: medium;\">\u2022 Trasladar todo ahorro posible al cliente para mantener un perfil altamente competitivo en todo momento.<\/p><p style=\"color: #000000; font-family: 'Times New Roman'; font-size: medium; text-align: center;\">Con estos elementos muy presentes nace Industrias MERCAR y lanza su marca comercial \u201cMr. Tshirt\u201d para abastecer el mercado de camisetas al por mayor y adoptamos nuestro slogan \u201cEntrega Inmediata, Bajo Costo y Alta Calidad\u201d.<\/p><p style=\"color: #000000; font-family: 'Times New Roman'; font-size: medium; text-align: center;\">En el primer semestre del 2013, iniciamos la penetraci\u00f3n del mercado de camiseta de ropa interior bajo la marca All the Time. All the Time cuenta con dos presentaciones para atender los mercados populares al igual que el de clases media y media alta.<\/p>\t\t\t\t\t\t\t\t<\/div>\n\t\t\t\t<\/div>\n\t\t\t\t\t<\/div>\n\t\t<\/div>\n\t\t\t\t<div class=\"elementor-column elementor-col-16 elementor-top-column elementor-element elementor-element-f7fe8ab\" data-id=\"f7fe8ab\" data-element_type=\"column\">\n\t\t\t<div class=\"elementor-widget-wrap\">\n\t\t\t\t\t\t\t<\/div>\n\t\t<\/div>\n\t\t\t\t\t<\/div>\n\t\t<\/section>\n\t\t\t\t<section class=\"elementor-section elementor-top-section elementor-element elementor-element-b955791 elementor-section-boxed elementor-section-height-default elementor-section-height-default\" data-id=\"b955791\" data-element_type=\"section\">\n\t\t\t\t\t\t<div class=\"elementor-container elementor-column-gap-default\">\n\t\t\t\t\t<div class=\"elementor-column elementor-col-100 elementor-top-column elementor-element elementor-element-04d2d39\" data-id=\"04d2d39\" data-element_type=\"column\">\n\t\t\t<div class=\"elementor-widget-wrap elementor-element-populated\">\n\t\t\t\t\t\t<div class=\"elementor-element elementor-element-8d05606 elementor-widget elementor-widget-spacer\" data-id=\"8d05606\" data-element_type=\"widget\" data-widget_type=\"spacer.default\">\n\t\t\t\t<div class=\"elementor-widget-container\">\n\t\t\t\t\t\t\t<div class=\"elementor-spacer\">\n\t\t\t<div class=\"elementor-spacer-inner\"><\/div>\n\t\t<\/div>\n\t\t\t\t\t\t<\/div>\n\t\t\t\t<\/div>\n\t\t\t\t\t<\/div>\n\t\t<\/div>\n\t\t\t\t\t<\/div>\n\t\t<\/section>\n\t\t\t\t<\/div>\n\t\t","protected":false},"excerpt":{"rendered":"<p>Nuestra Historia \u00a0 Industrias MERCAR nace en Mayo del 2011 con el prop\u00f3sito de transformar la industria de la camiseta b\u00e1sica en la regi\u00f3n Centro&#8230;<\/p>\n","protected":false},"author":1,"featured_media":0,"parent":0,"menu_order":0,"comment_status":"closed","ping_status":"closed","template":"elementor_header_footer","meta":{"nf_dc_page":"","_monsterinsights_skip_tracking":false,"_monsterinsights_sitenote_active":false,"_monsterinsights_sitenote_note":"","_monsterinsights_sitenote_category":0,"footnotes":""},"class_list":["post-7587","page","type-page","status-publish","hentry"],"aioseo_notices":[],"_links":{"self":[{"href":"https:\/\/industriasmercar.com\/tienda\/wp-json\/wp\/v2\/pages\/7587","targetHints":{"allow":["GET"]}}],"collection":[{"href":"https:\/\/industriasmercar.com\/tienda\/wp-json\/wp\/v2\/pages"}],"about":[{"href":"https:\/\/industriasmercar.com\/tienda\/wp-json\/wp\/v2\/types\/page"}],"author":[{"embeddable":true,"href":"https:\/\/industriasmercar.com\/tienda\/wp-json\/wp\/v2\/users\/1"}],"replies":[{"embeddable":true,"href":"https:\/\/industriasmercar.com\/tienda\/wp-json\/wp\/v2\/comments?post=7587"}],"version-history":[{"count":5,"href":"https:\/\/industriasmercar.com\/tienda\/wp-json\/wp\/v2\/pages\/7587\/revisions"}],"predecessor-version":[{"id":7712,"href":"https:\/\/industriasmercar.com\/tienda\/wp-json\/wp\/v2\/pages\/7587\/revisions\/7712"}],"wp:attachment":[{"href":"https:\/\/industriasmercar.com\/tienda\/wp-json\/wp\/v2\/media?parent=7587"}],"curies":[{"name":"wp","href":"https:\/\/api.w.org\/{rel}","templated":true}]}}