{"id":7616,"date":"2021-09-29T13:05:31","date_gmt":"2021-09-29T19:05:31","guid":{"rendered":"https:\/\/industriasmercar.com\/tienda\/?page_id=7616"},"modified":"2021-09-29T18:20:19","modified_gmt":"2021-09-30T00:20:19","slug":"sobre-nosotros","status":"publish","type":"page","link":"https:\/\/industriasmercar.com\/tienda\/sobre-nosotros\/","title":{"rendered":"Sobre nosotros"},"content":{"rendered":"\t\t<div data-elementor-type=\"wp-page\" data-elementor-id=\"7616\" class=\"elementor elementor-7616\">\n\t\t\t\t\t\t<section class=\"elementor-section elementor-top-section elementor-element elementor-element-8b04327 elementor-section-boxed elementor-section-height-default elementor-section-height-default\" data-id=\"8b04327\" data-element_type=\"section\">\n\t\t\t\t\t\t<div class=\"elementor-container elementor-column-gap-default\">\n\t\t\t\t\t<div class=\"elementor-column elementor-col-100 elementor-top-column elementor-element elementor-element-572893d\" data-id=\"572893d\" data-element_type=\"column\">\n\t\t\t<div class=\"elementor-widget-wrap elementor-element-populated\">\n\t\t\t\t\t\t\t<\/div>\n\t\t<\/div>\n\t\t\t\t\t<\/div>\n\t\t<\/section>\n\t\t\t\t<section class=\"elementor-section elementor-top-section elementor-element elementor-element-667ad98 elementor-section-boxed elementor-section-height-default elementor-section-height-default\" data-id=\"667ad98\" data-element_type=\"section\">\n\t\t\t\t\t\t<div class=\"elementor-container elementor-column-gap-default\">\n\t\t\t\t\t<div class=\"elementor-column elementor-col-100 elementor-top-column elementor-element elementor-element-a282e15\" data-id=\"a282e15\" data-element_type=\"column\">\n\t\t\t<div class=\"elementor-widget-wrap elementor-element-populated\">\n\t\t\t\t\t\t<div class=\"elementor-element elementor-element-0cf7299 elementor-widget elementor-widget-heading\" data-id=\"0cf7299\" data-element_type=\"widget\" data-widget_type=\"heading.default\">\n\t\t\t\t<div class=\"elementor-widget-container\">\n\t\t\t\t\t<h2 class=\"elementor-heading-title elementor-size-default\"><h2 data-fontsize=\"38\" data-lineheight=\"47.88px\" style=\"margin-bottom: 0px;line-height: 1.26;flex-grow: 0;padding-right: 45px;padding-left: 45px;text-align: center;--fontSize:38\"><span style=\"background-color: var(--et_container-bg-color,transparent);font-size: 38px;white-space: normal\"><font color=\"#124f8c\" face=\"Montserrat, Arial, Helvetica, sans-serif\"><b>Sobre Nosotros<\/b><\/font><\/span><span style=\"color: var( --e-global-color-primary );font-family: var( --e-global-typography-primary-font-family ), Sans-serif;font-size: calc(var(--h2-size-proportion) * 1rem);font-weight: var( --e-global-typography-primary-font-weight );white-space: pre-wrap;background-color: var(--et_container-bg-color,transparent)\"><\/span><font color=\"#124f8c\" face=\"Montserrat, Arial, Helvetica, sans-serif\"><span style=\"font-size: 38px;white-space: normal\"><b><br><\/b><\/span><\/font><\/h2><\/h2>\t\t\t\t<\/div>\n\t\t\t\t<\/div>\n\t\t\t\t\t<\/div>\n\t\t<\/div>\n\t\t\t\t\t<\/div>\n\t\t<\/section>\n\t\t\t\t<section class=\"elementor-section elementor-top-section elementor-element elementor-element-259421d elementor-section-boxed elementor-section-height-default elementor-section-height-default\" data-id=\"259421d\" data-element_type=\"section\">\n\t\t\t\t\t\t<div class=\"elementor-container elementor-column-gap-default\">\n\t\t\t\t\t<div class=\"elementor-column elementor-col-100 elementor-top-column elementor-element elementor-element-35d9ffd\" data-id=\"35d9ffd\" data-element_type=\"column\">\n\t\t\t<div class=\"elementor-widget-wrap elementor-element-populated\">\n\t\t\t\t\t\t<div class=\"elementor-element elementor-element-7d8d267 elementor-widget elementor-widget-text-editor\" data-id=\"7d8d267\" data-element_type=\"widget\" data-widget_type=\"text-editor.default\">\n\t\t\t\t<div class=\"elementor-widget-container\">\n\t\t\t\t\t\t\t\t\t<p style=\"text-align: center;\" data-fusion-font=\"true\">En Mr-Tshirt encuentras camisetas unisex color blanco, elaboradas 100% de algod\u00f3n. Su estructura talla perfecto tanto en hombres como mujeres.\u00a0Contamos con camisetas blancas para adultos en cuello redondo y cuello en v; y para ni\u00f1os en cuello redondo \u00fanicamente.<\/p><p style=\"text-align: center;\" data-fusion-font=\"true\">Tambi\u00e9n fabricamos y comercializamos camisetas de colores, elaboradas 100% en algod\u00f3n. Los colores que actualmente elaboramos son: Camisetas rojas, camisetas azul royal o bandera, camisetas azul navy o azul marino, camisetas negras, camisetas azul turquesa, camisetas gris jaspeado, camisetas anaranjadas y camisetas Amarillas.<\/p><p style=\"text-align: center;\" data-fusion-font=\"true\">Nuestras tallas de camisetas van desde la XS hasta la talla 3XL, permitiendo as\u00ed que tengas un amplio rango de tallas para tus clientes.<\/p>\t\t\t\t\t\t\t\t<\/div>\n\t\t\t\t<\/div>\n\t\t\t\t\t<\/div>\n\t\t<\/div>\n\t\t\t\t\t<\/div>\n\t\t<\/section>\n\t\t\t\t<section class=\"elementor-section elementor-top-section elementor-element elementor-element-8d6a788 elementor-section-boxed elementor-section-height-default elementor-section-height-default\" data-id=\"8d6a788\" data-element_type=\"section\">\n\t\t\t\t\t\t<div class=\"elementor-container elementor-column-gap-default\">\n\t\t\t\t\t<div class=\"elementor-column elementor-col-25 elementor-top-column elementor-element elementor-element-ac0d30b\" data-id=\"ac0d30b\" data-element_type=\"column\">\n\t\t\t<div class=\"elementor-widget-wrap elementor-element-populated\">\n\t\t\t\t\t\t<div class=\"elementor-element elementor-element-f43c2fa elementor-widget elementor-widget-image\" data-id=\"f43c2fa\" data-element_type=\"widget\" data-widget_type=\"image.default\">\n\t\t\t\t<div class=\"elementor-widget-container\">\n\t\t\t\t\t\t\t\t\t\t\t\t\t\t\t<img loading=\"lazy\" decoding=\"async\" loading=\"lazy\" width=\"400\" height=\"533\" src=\"https:\/\/industriasmercar.com\/tienda\/wp-content\/uploads\/2021\/09\/Camisetas-de-Algodon-De-colores-diferentes-gramajes-el-salvador-400x533-1.jpg\" class=\"attachment-large size-large wp-image-7623\" alt=\"\" srcset=\"https:\/\/industriasmercar.com\/tienda\/wp-content\/uploads\/2021\/09\/Camisetas-de-Algodon-De-colores-diferentes-gramajes-el-salvador-400x533-1.jpg 400w, https:\/\/industriasmercar.com\/tienda\/wp-content\/uploads\/2021\/09\/Camisetas-de-Algodon-De-colores-diferentes-gramajes-el-salvador-400x533-1-225x300.jpg 225w, https:\/\/industriasmercar.com\/tienda\/wp-content\/uploads\/2021\/09\/Camisetas-de-Algodon-De-colores-diferentes-gramajes-el-salvador-400x533-1-1x1.jpg 1w, https:\/\/industriasmercar.com\/tienda\/wp-content\/uploads\/2021\/09\/Camisetas-de-Algodon-De-colores-diferentes-gramajes-el-salvador-400x533-1-8x10.jpg 8w\" sizes=\"auto, (max-width: 400px) 100vw, 400px\" \/>\t\t\t\t\t\t\t\t\t\t\t\t\t\t\t<\/div>\n\t\t\t\t<\/div>\n\t\t\t\t\t<\/div>\n\t\t<\/div>\n\t\t\t\t<div class=\"elementor-column elementor-col-25 elementor-top-column elementor-element elementor-element-35c8ff0\" data-id=\"35c8ff0\" data-element_type=\"column\">\n\t\t\t<div class=\"elementor-widget-wrap elementor-element-populated\">\n\t\t\t\t\t\t<div class=\"elementor-element elementor-element-218bbdd elementor-widget elementor-widget-image\" data-id=\"218bbdd\" data-element_type=\"widget\" data-widget_type=\"image.default\">\n\t\t\t\t<div class=\"elementor-widget-container\">\n\t\t\t\t\t\t\t\t\t\t\t\t\t\t\t<img loading=\"lazy\" decoding=\"async\" loading=\"lazy\" width=\"750\" height=\"1000\" src=\"https:\/\/industriasmercar.com\/tienda\/wp-content\/uploads\/2021\/09\/Camiseta-de-algodon-lisa-azul-navy.jpg\" class=\"attachment-large size-large wp-image-7622\" alt=\"\" srcset=\"https:\/\/industriasmercar.com\/tienda\/wp-content\/uploads\/2021\/09\/Camiseta-de-algodon-lisa-azul-navy.jpg 750w, https:\/\/industriasmercar.com\/tienda\/wp-content\/uploads\/2021\/09\/Camiseta-de-algodon-lisa-azul-navy-225x300.jpg 225w, https:\/\/industriasmercar.com\/tienda\/wp-content\/uploads\/2021\/09\/Camiseta-de-algodon-lisa-azul-navy-1x1.jpg 1w, https:\/\/industriasmercar.com\/tienda\/wp-content\/uploads\/2021\/09\/Camiseta-de-algodon-lisa-azul-navy-8x10.jpg 8w, https:\/\/industriasmercar.com\/tienda\/wp-content\/uploads\/2021\/09\/Camiseta-de-algodon-lisa-azul-navy-600x800.jpg 600w\" sizes=\"auto, (max-width: 750px) 100vw, 750px\" \/>\t\t\t\t\t\t\t\t\t\t\t\t\t\t\t<\/div>\n\t\t\t\t<\/div>\n\t\t\t\t\t<\/div>\n\t\t<\/div>\n\t\t\t\t<div class=\"elementor-column elementor-col-25 elementor-top-column elementor-element elementor-element-1c8b3b9\" data-id=\"1c8b3b9\" data-element_type=\"column\">\n\t\t\t<div class=\"elementor-widget-wrap elementor-element-populated\">\n\t\t\t\t\t\t<div class=\"elementor-element elementor-element-7b9f575 elementor-widget elementor-widget-image\" data-id=\"7b9f575\" data-element_type=\"widget\" data-widget_type=\"image.default\">\n\t\t\t\t<div class=\"elementor-widget-container\">\n\t\t\t\t\t\t\t\t\t\t\t\t\t\t\t<img loading=\"lazy\" decoding=\"async\" loading=\"lazy\" width=\"400\" height=\"533\" src=\"https:\/\/industriasmercar.com\/tienda\/wp-content\/uploads\/2021\/09\/Camisetas-de-colores-turquesa-algodon-al-por-mayor-el-salvador-400x533-1.jpg\" class=\"attachment-large size-large wp-image-7624\" alt=\"\" srcset=\"https:\/\/industriasmercar.com\/tienda\/wp-content\/uploads\/2021\/09\/Camisetas-de-colores-turquesa-algodon-al-por-mayor-el-salvador-400x533-1.jpg 400w, https:\/\/industriasmercar.com\/tienda\/wp-content\/uploads\/2021\/09\/Camisetas-de-colores-turquesa-algodon-al-por-mayor-el-salvador-400x533-1-225x300.jpg 225w, https:\/\/industriasmercar.com\/tienda\/wp-content\/uploads\/2021\/09\/Camisetas-de-colores-turquesa-algodon-al-por-mayor-el-salvador-400x533-1-1x1.jpg 1w, https:\/\/industriasmercar.com\/tienda\/wp-content\/uploads\/2021\/09\/Camisetas-de-colores-turquesa-algodon-al-por-mayor-el-salvador-400x533-1-8x10.jpg 8w\" sizes=\"auto, (max-width: 400px) 100vw, 400px\" \/>\t\t\t\t\t\t\t\t\t\t\t\t\t\t\t<\/div>\n\t\t\t\t<\/div>\n\t\t\t\t\t<\/div>\n\t\t<\/div>\n\t\t\t\t<div class=\"elementor-column elementor-col-25 elementor-top-column elementor-element elementor-element-3b1fac2\" data-id=\"3b1fac2\" data-element_type=\"column\">\n\t\t\t<div class=\"elementor-widget-wrap elementor-element-populated\">\n\t\t\t\t\t\t<div class=\"elementor-element elementor-element-56687e1 elementor-widget elementor-widget-image\" data-id=\"56687e1\" data-element_type=\"widget\" data-widget_type=\"image.default\">\n\t\t\t\t<div class=\"elementor-widget-container\">\n\t\t\t\t\t\t\t\t\t\t\t\t\t\t\t<img loading=\"lazy\" decoding=\"async\" loading=\"lazy\" width=\"400\" height=\"533\" src=\"https:\/\/industriasmercar.com\/tienda\/wp-content\/uploads\/2021\/09\/Camiseta-algodon-cuello-v-el-salvador-400x533-1.jpg\" class=\"attachment-large size-large wp-image-7621\" alt=\"\" srcset=\"https:\/\/industriasmercar.com\/tienda\/wp-content\/uploads\/2021\/09\/Camiseta-algodon-cuello-v-el-salvador-400x533-1.jpg 400w, https:\/\/industriasmercar.com\/tienda\/wp-content\/uploads\/2021\/09\/Camiseta-algodon-cuello-v-el-salvador-400x533-1-225x300.jpg 225w, https:\/\/industriasmercar.com\/tienda\/wp-content\/uploads\/2021\/09\/Camiseta-algodon-cuello-v-el-salvador-400x533-1-1x1.jpg 1w, https:\/\/industriasmercar.com\/tienda\/wp-content\/uploads\/2021\/09\/Camiseta-algodon-cuello-v-el-salvador-400x533-1-8x10.jpg 8w\" sizes=\"auto, (max-width: 400px) 100vw, 400px\" \/>\t\t\t\t\t\t\t\t\t\t\t\t\t\t\t<\/div>\n\t\t\t\t<\/div>\n\t\t\t\t\t<\/div>\n\t\t<\/div>\n\t\t\t\t\t<\/div>\n\t\t<\/section>\n\t\t\t\t<section class=\"elementor-section elementor-top-section elementor-element elementor-element-393b91d elementor-section-boxed elementor-section-height-default elementor-section-height-default\" data-id=\"393b91d\" data-element_type=\"section\">\n\t\t\t\t\t\t<div class=\"elementor-container elementor-column-gap-default\">\n\t\t\t\t\t<div class=\"elementor-column elementor-col-100 elementor-top-column elementor-element elementor-element-d0cc624\" data-id=\"d0cc624\" data-element_type=\"column\">\n\t\t\t<div class=\"elementor-widget-wrap elementor-element-populated\">\n\t\t\t\t\t\t<div class=\"elementor-element elementor-element-6651291 elementor-widget elementor-widget-text-editor\" data-id=\"6651291\" data-element_type=\"widget\" data-widget_type=\"text-editor.default\">\n\t\t\t\t<div class=\"elementor-widget-container\">\n\t\t\t\t\t\t\t\t\t<p style=\"text-align: center;\" data-fusion-font=\"true\">En Industrias Mercar tambi\u00e9n elaboramos Camisas Tipo Polo tanto para caballero como para damas. Las camisas tipo polo pique para caballero las fabricamos desde la talla XS hasta la 3XL y las camisas tipo polo para damas hasta la 2XL. Contamos con variedad de colores y cuidamos cada detalle en la elaboraci\u00f3n de nuestras prendas.<\/p><p style=\"text-align: center;\" data-fusion-font=\"true\">Tambi\u00e9n tenemos disponible producto empacado como B\u00f3xers de algod\u00f3n y B\u00f3xers tipo Polycotton, Centros 100% de algod\u00f3n color blanco y negro y pr\u00f3ximamente tendremos camisas tipo Polyspun (Polycotton) ideales para sublimar.<\/p><p style=\"text-align: center;\" data-fusion-font=\"true\">Puedes encontrar m\u00e1s informaci\u00f3n de cada producto Disponible en El Salvador (Planta de Producci\u00f3n y Oficinas Centrales) y en Costa Rica (Sala de Ventas)<\/p>\t\t\t\t\t\t\t\t<\/div>\n\t\t\t\t<\/div>\n\t\t\t\t\t<\/div>\n\t\t<\/div>\n\t\t\t\t\t<\/div>\n\t\t<\/section>\n\t\t\t\t<\/div>\n\t\t","protected":false},"excerpt":{"rendered":"<p>Sobre Nosotros En Mr-Tshirt encuentras camisetas unisex color blanco, elaboradas 100% de algod\u00f3n. Su estructura talla perfecto tanto en hombres como mujeres.\u00a0Contamos con camisetas blancas&#8230;<\/p>\n","protected":false},"author":1,"featured_media":0,"parent":0,"menu_order":0,"comment_status":"closed","ping_status":"closed","template":"elementor_header_footer","meta":{"nf_dc_page":"","_monsterinsights_skip_tracking":false,"_monsterinsights_sitenote_active":false,"_monsterinsights_sitenote_note":"","_monsterinsights_sitenote_category":0,"footnotes":""},"class_list":["post-7616","page","type-page","status-publish","hentry"],"aioseo_notices":[],"_links":{"self":[{"href":"https:\/\/industriasmercar.com\/tienda\/wp-json\/wp\/v2\/pages\/7616","targetHints":{"allow":["GET"]}}],"collection":[{"href":"https:\/\/industriasmercar.com\/tienda\/wp-json\/wp\/v2\/pages"}],"about":[{"href":"https:\/\/industriasmercar.com\/tienda\/wp-json\/wp\/v2\/types\/page"}],"author":[{"embeddable":true,"href":"https:\/\/industriasmercar.com\/tienda\/wp-json\/wp\/v2\/users\/1"}],"replies":[{"embeddable":true,"href":"https:\/\/industriasmercar.com\/tienda\/wp-json\/wp\/v2\/comments?post=7616"}],"version-history":[{"count":5,"href":"https:\/\/industriasmercar.com\/tienda\/wp-json\/wp\/v2\/pages\/7616\/revisions"}],"predecessor-version":[{"id":7689,"href":"https:\/\/industriasmercar.com\/tienda\/wp-json\/wp\/v2\/pages\/7616\/revisions\/7689"}],"wp:attachment":[{"href":"https:\/\/industriasmercar.com\/tienda\/wp-json\/wp\/v2\/media?parent=7616"}],"curies":[{"name":"wp","href":"https:\/\/api.w.org\/{rel}","templated":true}]}}