{"id":7695,"date":"2021-09-29T19:44:52","date_gmt":"2021-09-30T01:44:52","guid":{"rendered":"https:\/\/industriasmercar.com\/tienda\/?page_id=7695"},"modified":"2021-09-29T19:52:14","modified_gmt":"2021-09-30T01:52:14","slug":"mision-y-vision","status":"publish","type":"page","link":"https:\/\/industriasmercar.com\/tienda\/mision-y-vision\/","title":{"rendered":"Misi\u00f3n y Visi\u00f3n"},"content":{"rendered":"\t\t<div data-elementor-type=\"wp-page\" data-elementor-id=\"7695\" class=\"elementor elementor-7695\">\n\t\t\t\t\t\t<section class=\"elementor-section elementor-top-section elementor-element elementor-element-b4ba360 elementor-section-boxed elementor-section-height-default elementor-section-height-default\" data-id=\"b4ba360\" data-element_type=\"section\">\n\t\t\t\t\t\t<div class=\"elementor-container elementor-column-gap-default\">\n\t\t\t\t\t<div class=\"elementor-column elementor-col-100 elementor-top-column elementor-element elementor-element-1611b3e\" data-id=\"1611b3e\" data-element_type=\"column\">\n\t\t\t<div class=\"elementor-widget-wrap elementor-element-populated\">\n\t\t\t\t\t\t<div class=\"elementor-element elementor-element-13a6309 elementor-widget elementor-widget-spacer\" data-id=\"13a6309\" data-element_type=\"widget\" data-widget_type=\"spacer.default\">\n\t\t\t\t<div class=\"elementor-widget-container\">\n\t\t\t\t\t\t\t<div class=\"elementor-spacer\">\n\t\t\t<div class=\"elementor-spacer-inner\"><\/div>\n\t\t<\/div>\n\t\t\t\t\t\t<\/div>\n\t\t\t\t<\/div>\n\t\t\t\t\t<\/div>\n\t\t<\/div>\n\t\t\t\t\t<\/div>\n\t\t<\/section>\n\t\t\t\t<section class=\"elementor-section elementor-top-section elementor-element elementor-element-ac553b1 elementor-section-boxed elementor-section-height-default elementor-section-height-default\" data-id=\"ac553b1\" data-element_type=\"section\">\n\t\t\t\t\t\t<div class=\"elementor-container elementor-column-gap-default\">\n\t\t\t\t\t<div class=\"elementor-column elementor-col-100 elementor-top-column elementor-element elementor-element-7061714\" data-id=\"7061714\" data-element_type=\"column\">\n\t\t\t<div class=\"elementor-widget-wrap elementor-element-populated\">\n\t\t\t\t\t\t<div class=\"elementor-element elementor-element-0aae2da elementor-widget elementor-widget-heading\" data-id=\"0aae2da\" data-element_type=\"widget\" data-widget_type=\"heading.default\">\n\t\t\t\t<div class=\"elementor-widget-container\">\n\t\t\t\t\t<h2 class=\"elementor-heading-title elementor-size-default\"><h2 data-fontsize=\"38\" data-lineheight=\"47.88px\" style=\"margin-bottom: 0px;font-family: Montserrat, Arial, Helvetica, sans-serif;font-weight: 700;line-height: 1.26;flex-grow: 0;padding-right: 45px;padding-left: 45px;font-size: 38px;text-align: center;white-space: normal;--fontSize:38\">Misi\u00f3n<\/h2><\/h2>\t\t\t\t<\/div>\n\t\t\t\t<\/div>\n\t\t\t\t\t<\/div>\n\t\t<\/div>\n\t\t\t\t\t<\/div>\n\t\t<\/section>\n\t\t\t\t<section class=\"elementor-section elementor-top-section elementor-element elementor-element-54fc513 elementor-section-boxed elementor-section-height-default elementor-section-height-default\" data-id=\"54fc513\" data-element_type=\"section\">\n\t\t\t\t\t\t<div class=\"elementor-container elementor-column-gap-default\">\n\t\t\t\t\t<div class=\"elementor-column elementor-col-100 elementor-top-column elementor-element elementor-element-260a5ce\" data-id=\"260a5ce\" data-element_type=\"column\">\n\t\t\t<div class=\"elementor-widget-wrap elementor-element-populated\">\n\t\t\t\t\t\t<div class=\"elementor-element elementor-element-7198700 elementor-widget elementor-widget-spacer\" data-id=\"7198700\" data-element_type=\"widget\" data-widget_type=\"spacer.default\">\n\t\t\t\t<div class=\"elementor-widget-container\">\n\t\t\t\t\t\t\t<div class=\"elementor-spacer\">\n\t\t\t<div class=\"elementor-spacer-inner\"><\/div>\n\t\t<\/div>\n\t\t\t\t\t\t<\/div>\n\t\t\t\t<\/div>\n\t\t\t\t\t<\/div>\n\t\t<\/div>\n\t\t\t\t\t<\/div>\n\t\t<\/section>\n\t\t\t\t<section class=\"elementor-section elementor-top-section elementor-element elementor-element-f5caa71 elementor-section-boxed elementor-section-height-default elementor-section-height-default\" data-id=\"f5caa71\" data-element_type=\"section\">\n\t\t\t\t\t\t<div class=\"elementor-container elementor-column-gap-default\">\n\t\t\t\t\t<div class=\"elementor-column elementor-col-100 elementor-top-column elementor-element elementor-element-221c61b\" data-id=\"221c61b\" data-element_type=\"column\">\n\t\t\t<div class=\"elementor-widget-wrap elementor-element-populated\">\n\t\t\t\t\t\t<div class=\"elementor-element elementor-element-841ba2a elementor-widget elementor-widget-text-editor\" data-id=\"841ba2a\" data-element_type=\"widget\" data-widget_type=\"text-editor.default\">\n\t\t\t\t<div class=\"elementor-widget-container\">\n\t\t\t\t\t\t\t\t\t<p style=\"text-align: center;\">Ser el proveedor mas grande en ventas en Centro Am\u00e9rica, el Caribe, Sur de M\u00e9xico y Norte de Sur Am\u00e9rica a trav\u00e9s de mantener un enfoque riguroso en dise\u00f1ar nuestros productos y procesos de forma estandarizada y eficiente, haciendo use de sistemas de control de inventario efectivos y controles de procesos para una buena ejecuci\u00f3n, incorporando la cultura de Manufactura Esbelta (LEAN) y buenas pr\u00e1cticas de responsabilidad social.<\/p>\t\t\t\t\t\t\t\t<\/div>\n\t\t\t\t<\/div>\n\t\t\t\t\t<\/div>\n\t\t<\/div>\n\t\t\t\t\t<\/div>\n\t\t<\/section>\n\t\t\t\t<section class=\"elementor-section elementor-top-section elementor-element elementor-element-d42f30e elementor-section-boxed elementor-section-height-default elementor-section-height-default\" data-id=\"d42f30e\" data-element_type=\"section\">\n\t\t\t\t\t\t<div class=\"elementor-container elementor-column-gap-default\">\n\t\t\t\t\t<div class=\"elementor-column elementor-col-100 elementor-top-column elementor-element elementor-element-6629286\" data-id=\"6629286\" data-element_type=\"column\">\n\t\t\t<div class=\"elementor-widget-wrap elementor-element-populated\">\n\t\t\t\t\t\t<div class=\"elementor-element elementor-element-24fad8f elementor-widget elementor-widget-spacer\" data-id=\"24fad8f\" data-element_type=\"widget\" data-widget_type=\"spacer.default\">\n\t\t\t\t<div class=\"elementor-widget-container\">\n\t\t\t\t\t\t\t<div class=\"elementor-spacer\">\n\t\t\t<div class=\"elementor-spacer-inner\"><\/div>\n\t\t<\/div>\n\t\t\t\t\t\t<\/div>\n\t\t\t\t<\/div>\n\t\t\t\t\t<\/div>\n\t\t<\/div>\n\t\t\t\t\t<\/div>\n\t\t<\/section>\n\t\t\t\t<section class=\"elementor-section elementor-top-section elementor-element elementor-element-e750b1a elementor-section-boxed elementor-section-height-default elementor-section-height-default\" data-id=\"e750b1a\" data-element_type=\"section\">\n\t\t\t\t\t\t<div class=\"elementor-container elementor-column-gap-default\">\n\t\t\t\t\t<div class=\"elementor-column elementor-col-100 elementor-top-column elementor-element elementor-element-cc4bb61\" data-id=\"cc4bb61\" data-element_type=\"column\">\n\t\t\t<div class=\"elementor-widget-wrap elementor-element-populated\">\n\t\t\t\t\t\t<div class=\"elementor-element elementor-element-072e985 elementor-widget elementor-widget-heading\" data-id=\"072e985\" data-element_type=\"widget\" data-widget_type=\"heading.default\">\n\t\t\t\t<div class=\"elementor-widget-container\">\n\t\t\t\t\t<h2 class=\"elementor-heading-title elementor-size-default\"><h2 data-fontsize=\"38\" data-lineheight=\"47.88px\" style=\"margin-bottom: 0px;font-family: Montserrat, Arial, Helvetica, sans-serif;font-weight: 700;line-height: 1.26;flex-grow: 0;padding-right: 45px;padding-left: 45px;font-size: 38px;text-align: center;white-space: normal;--fontSize:38\">Visi\u00f3n<\/h2><\/h2>\t\t\t\t<\/div>\n\t\t\t\t<\/div>\n\t\t\t\t\t<\/div>\n\t\t<\/div>\n\t\t\t\t\t<\/div>\n\t\t<\/section>\n\t\t\t\t<section class=\"elementor-section elementor-top-section elementor-element elementor-element-a2c5ffe elementor-section-boxed elementor-section-height-default elementor-section-height-default\" data-id=\"a2c5ffe\" data-element_type=\"section\">\n\t\t\t\t\t\t<div class=\"elementor-container elementor-column-gap-default\">\n\t\t\t\t\t<div class=\"elementor-column elementor-col-100 elementor-top-column elementor-element elementor-element-67f9bf6\" data-id=\"67f9bf6\" data-element_type=\"column\">\n\t\t\t<div class=\"elementor-widget-wrap elementor-element-populated\">\n\t\t\t\t\t\t<div class=\"elementor-element elementor-element-5846753 elementor-widget elementor-widget-spacer\" data-id=\"5846753\" data-element_type=\"widget\" data-widget_type=\"spacer.default\">\n\t\t\t\t<div class=\"elementor-widget-container\">\n\t\t\t\t\t\t\t<div class=\"elementor-spacer\">\n\t\t\t<div class=\"elementor-spacer-inner\"><\/div>\n\t\t<\/div>\n\t\t\t\t\t\t<\/div>\n\t\t\t\t<\/div>\n\t\t\t\t\t<\/div>\n\t\t<\/div>\n\t\t\t\t\t<\/div>\n\t\t<\/section>\n\t\t\t\t<section class=\"elementor-section elementor-top-section elementor-element elementor-element-f718339 elementor-section-boxed elementor-section-height-default elementor-section-height-default\" data-id=\"f718339\" data-element_type=\"section\">\n\t\t\t\t\t\t<div class=\"elementor-container elementor-column-gap-default\">\n\t\t\t\t\t<div class=\"elementor-column elementor-col-100 elementor-top-column elementor-element elementor-element-beb4682\" data-id=\"beb4682\" data-element_type=\"column\">\n\t\t\t<div class=\"elementor-widget-wrap elementor-element-populated\">\n\t\t\t\t\t\t<div class=\"elementor-element elementor-element-87f13f9 elementor-widget elementor-widget-text-editor\" data-id=\"87f13f9\" data-element_type=\"widget\" data-widget_type=\"text-editor.default\">\n\t\t\t\t<div class=\"elementor-widget-container\">\n\t\t\t\t\t\t\t\t\t<p style=\"text-align: center;\">Somos la mejor opci\u00f3n en el suministro de camisetas para el mercado de la regi\u00f3n Centro Americana por nuestras entregas inmediatas, los precios m\u00e1s bajos y alta calidad. Mantenemos un enfoque rigoroso en la manufactura eficiente y estandarizada para continuamente trasladar los ahorros a nuestro cliente con entregas y productos confiables.<\/p>\t\t\t\t\t\t\t\t<\/div>\n\t\t\t\t<\/div>\n\t\t\t\t\t<\/div>\n\t\t<\/div>\n\t\t\t\t\t<\/div>\n\t\t<\/section>\n\t\t\t\t<section class=\"elementor-section elementor-top-section elementor-element elementor-element-1fc3af3 elementor-section-boxed elementor-section-height-default elementor-section-height-default\" data-id=\"1fc3af3\" data-element_type=\"section\">\n\t\t\t\t\t\t<div class=\"elementor-container elementor-column-gap-default\">\n\t\t\t\t\t<div class=\"elementor-column elementor-col-100 elementor-top-column elementor-element elementor-element-3ba76ce\" data-id=\"3ba76ce\" data-element_type=\"column\">\n\t\t\t<div class=\"elementor-widget-wrap elementor-element-populated\">\n\t\t\t\t\t\t<div class=\"elementor-element elementor-element-a694190 elementor-widget elementor-widget-spacer\" data-id=\"a694190\" data-element_type=\"widget\" data-widget_type=\"spacer.default\">\n\t\t\t\t<div class=\"elementor-widget-container\">\n\t\t\t\t\t\t\t<div class=\"elementor-spacer\">\n\t\t\t<div class=\"elementor-spacer-inner\"><\/div>\n\t\t<\/div>\n\t\t\t\t\t\t<\/div>\n\t\t\t\t<\/div>\n\t\t\t\t\t<\/div>\n\t\t<\/div>\n\t\t\t\t\t<\/div>\n\t\t<\/section>\n\t\t\t\t<\/div>\n\t\t","protected":false},"excerpt":{"rendered":"<p>Misi\u00f3n Ser el proveedor mas grande en ventas en Centro Am\u00e9rica, el Caribe, Sur de M\u00e9xico y Norte de Sur Am\u00e9rica a trav\u00e9s de mantener&#8230;<\/p>\n","protected":false},"author":1,"featured_media":0,"parent":0,"menu_order":0,"comment_status":"closed","ping_status":"closed","template":"elementor_header_footer","meta":{"nf_dc_page":"","_monsterinsights_skip_tracking":false,"_monsterinsights_sitenote_active":false,"_monsterinsights_sitenote_note":"","_monsterinsights_sitenote_category":0,"footnotes":""},"class_list":["post-7695","page","type-page","status-publish","hentry"],"aioseo_notices":[],"_links":{"self":[{"href":"https:\/\/industriasmercar.com\/tienda\/wp-json\/wp\/v2\/pages\/7695","targetHints":{"allow":["GET"]}}],"collection":[{"href":"https:\/\/industriasmercar.com\/tienda\/wp-json\/wp\/v2\/pages"}],"about":[{"href":"https:\/\/industriasmercar.com\/tienda\/wp-json\/wp\/v2\/types\/page"}],"author":[{"embeddable":true,"href":"https:\/\/industriasmercar.com\/tienda\/wp-json\/wp\/v2\/users\/1"}],"replies":[{"embeddable":true,"href":"https:\/\/industriasmercar.com\/tienda\/wp-json\/wp\/v2\/comments?post=7695"}],"version-history":[{"count":5,"href":"https:\/\/industriasmercar.com\/tienda\/wp-json\/wp\/v2\/pages\/7695\/revisions"}],"predecessor-version":[{"id":7706,"href":"https:\/\/industriasmercar.com\/tienda\/wp-json\/wp\/v2\/pages\/7695\/revisions\/7706"}],"wp:attachment":[{"href":"https:\/\/industriasmercar.com\/tienda\/wp-json\/wp\/v2\/media?parent=7695"}],"curies":[{"name":"wp","href":"https:\/\/api.w.org\/{rel}","templated":true}]}}