{"id":7760,"date":"2021-10-05T18:14:40","date_gmt":"2021-10-06T00:14:40","guid":{"rendered":"https:\/\/industriasmercar.com\/tienda\/?page_id=7760"},"modified":"2021-10-05T18:23:17","modified_gmt":"2021-10-06T00:23:17","slug":"condiciones-de-uso","status":"publish","type":"page","link":"https:\/\/industriasmercar.com\/tienda\/condiciones-de-uso\/","title":{"rendered":"Condiciones de Uso"},"content":{"rendered":"\t\t<div data-elementor-type=\"wp-page\" data-elementor-id=\"7760\" class=\"elementor elementor-7760\">\n\t\t\t\t\t\t<section class=\"elementor-section elementor-top-section elementor-element elementor-element-3649dd0 elementor-section-boxed elementor-section-height-default elementor-section-height-default\" data-id=\"3649dd0\" data-element_type=\"section\">\n\t\t\t\t\t\t<div class=\"elementor-container elementor-column-gap-default\">\n\t\t\t\t\t<div class=\"elementor-column elementor-col-100 elementor-top-column elementor-element elementor-element-1b8c042\" data-id=\"1b8c042\" data-element_type=\"column\">\n\t\t\t<div class=\"elementor-widget-wrap elementor-element-populated\">\n\t\t\t\t\t\t<div class=\"elementor-element elementor-element-2184960 elementor-widget elementor-widget-spacer\" data-id=\"2184960\" data-element_type=\"widget\" data-widget_type=\"spacer.default\">\n\t\t\t\t<div class=\"elementor-widget-container\">\n\t\t\t\t\t\t\t<div class=\"elementor-spacer\">\n\t\t\t<div class=\"elementor-spacer-inner\"><\/div>\n\t\t<\/div>\n\t\t\t\t\t\t<\/div>\n\t\t\t\t<\/div>\n\t\t\t\t\t<\/div>\n\t\t<\/div>\n\t\t\t\t\t<\/div>\n\t\t<\/section>\n\t\t\t\t<section class=\"elementor-section elementor-top-section elementor-element elementor-element-aa641d2 elementor-section-boxed elementor-section-height-default elementor-section-height-default\" data-id=\"aa641d2\" data-element_type=\"section\">\n\t\t\t\t\t\t<div class=\"elementor-container elementor-column-gap-default\">\n\t\t\t\t\t<div class=\"elementor-column elementor-col-100 elementor-top-column elementor-element elementor-element-4378039\" data-id=\"4378039\" data-element_type=\"column\">\n\t\t\t<div class=\"elementor-widget-wrap elementor-element-populated\">\n\t\t\t\t\t\t<div class=\"elementor-element elementor-element-8586ecd elementor-widget elementor-widget-heading\" data-id=\"8586ecd\" data-element_type=\"widget\" data-widget_type=\"heading.default\">\n\t\t\t\t<div class=\"elementor-widget-container\">\n\t\t\t\t\t<h2 class=\"elementor-heading-title elementor-size-default\"><h2 data-fontsize=\"38\" data-lineheight=\"47.88px\" style=\"margin-bottom: 0px;font-family: Montserrat, Arial, Helvetica, sans-serif;font-weight: 700;line-height: 1.26;flex-grow: 0;padding-right: 45px;padding-left: 45px;font-size: 38px;text-align: center;white-space: normal;--fontSize:38\">Condiciones de uso<\/h2><\/h2>\t\t\t\t<\/div>\n\t\t\t\t<\/div>\n\t\t\t\t\t<\/div>\n\t\t<\/div>\n\t\t\t\t\t<\/div>\n\t\t<\/section>\n\t\t\t\t<section class=\"elementor-section elementor-top-section elementor-element elementor-element-0fafdf9 elementor-section-boxed elementor-section-height-default elementor-section-height-default\" data-id=\"0fafdf9\" data-element_type=\"section\">\n\t\t\t\t\t\t<div class=\"elementor-container elementor-column-gap-default\">\n\t\t\t\t\t<div class=\"elementor-column elementor-col-100 elementor-top-column elementor-element elementor-element-7f920fe\" data-id=\"7f920fe\" data-element_type=\"column\">\n\t\t\t<div class=\"elementor-widget-wrap elementor-element-populated\">\n\t\t\t\t\t\t<div class=\"elementor-element elementor-element-b3ed9d8 elementor-widget elementor-widget-spacer\" data-id=\"b3ed9d8\" data-element_type=\"widget\" data-widget_type=\"spacer.default\">\n\t\t\t\t<div class=\"elementor-widget-container\">\n\t\t\t\t\t\t\t<div class=\"elementor-spacer\">\n\t\t\t<div class=\"elementor-spacer-inner\"><\/div>\n\t\t<\/div>\n\t\t\t\t\t\t<\/div>\n\t\t\t\t<\/div>\n\t\t\t\t\t<\/div>\n\t\t<\/div>\n\t\t\t\t\t<\/div>\n\t\t<\/section>\n\t\t\t\t<section class=\"elementor-section elementor-top-section elementor-element elementor-element-f56c947 elementor-section-boxed elementor-section-height-default elementor-section-height-default\" data-id=\"f56c947\" data-element_type=\"section\">\n\t\t\t\t\t\t<div class=\"elementor-container elementor-column-gap-default\">\n\t\t\t\t\t<div class=\"elementor-column elementor-col-100 elementor-top-column elementor-element elementor-element-b5c4cfe\" data-id=\"b5c4cfe\" data-element_type=\"column\">\n\t\t\t<div class=\"elementor-widget-wrap elementor-element-populated\">\n\t\t\t\t\t\t<div class=\"elementor-element elementor-element-4590dc0 elementor-widget elementor-widget-text-editor\" data-id=\"4590dc0\" data-element_type=\"widget\" data-widget_type=\"text-editor.default\">\n\t\t\t\t<div class=\"elementor-widget-container\">\n\t\t\t\t\t\t\t\t\t<p>\u00a0<\/p><p style=\"text-align: center;\"><strong><span style=\"color: #000000;\">Industriasmercar.com pertenece a Industrias Mercar S.A. de C.V.<\/span><\/strong><\/p><ul><li style=\"color: #000000; font-family: 'Times New Roman'; font-size: medium;\"><span style=\"color: #000000;\">\u00a0NIT: 0614-080311-104-7<\/span><\/li><li style=\"color: #000000; font-family: 'Times New Roman'; font-size: medium;\"><span style=\"color: #000000;\">\u00a0Raz\u00f3n Social: Mercados Artesanales<\/span> S.A. de C.V.<\/li><li style=\"color: #000000; font-family: 'Times New Roman'; font-size: medium;\">\u00a0Domicilio: Blvd. Venezuela #2731 Colonia Luz,\u2028San Salvador, El Salvador.<\/li><li style=\"color: #000000; font-family: 'Times New Roman'; font-size: medium;\">\u00a0Tel\u00e9fono : (503) 2273-6649 \u2022 Correo Electr\u00f3nico: contacto@industriasmercar.com<\/li><\/ul><p style=\"color: #000000; font-family: 'Times New Roman'; font-size: medium;\">Entregas en Sala de Ventas \/ Env\u00edo del producto Nuestro compromiso es entregar los pedidos dentro de un plazo que considere las siguientes condiciones:. Si lo solicitas a domicilio, coordinaremos la entrega contigo. En el \u00e1rea metropolitana de San Salvador trataremos de efectuarla en los pr\u00f3ximos 2 a 3 d\u00edas h\u00e1biles. Los tiempos de entrega pueden variar debido a causas como fecha y hora de liberaci\u00f3n del pago del pedido o lugar de destino. Trataremos de entregar tu orden en la menor cantidad de paquetes.<\/p><p style=\"color: #000000; font-family: 'Times New Roman'; font-size: medium;\">\u00a0<\/p><ul><li style=\"color: #000000; font-family: 'Times New Roman'; font-size: medium;\">Opci\u00f3n de recoger en tienda, los art\u00edculos pueden ser retirados en nuestra sala de ventas, dentro del horario de servicio de la misma. Esta no cuenta con cargo de env\u00edo.<\/li><li style=\"color: #000000; font-family: 'Times New Roman'; font-size: medium;\">Opci\u00f3n de entrega del pedido a domicilio, el plazo de entrega y costos de envi\u00f3 var\u00edan por departamento y direcci\u00f3n de env\u00edo.<\/li><li style=\"color: #000000; font-family: 'Times New Roman'; font-size: medium;\">Durante el proceso de compra en \u201cMi carrito\u201d se ver\u00e1 reflejado el precio de env\u00edo en base a la cuidad de destino y tipo de producto.<\/li><li style=\"color: #000000; font-family: 'Times New Roman'; font-size: medium;\">Una persona con identificaci\u00f3n debe recibir el pedido y firmar de recibido.<\/li><li style=\"color: #000000; font-family: 'Times New Roman'; font-size: medium;\">Si se visita al cliente y no hay nadie para recibir el producto, se dejar\u00e1 una nota como evidencia de que se visit\u00f3 a la persona. En este caso nos<\/li><\/ul><p style=\"color: #000000; font-family: 'Times New Roman'; font-size: medium;\">comunicaremos con el destinatario para coordinar la entrega del producto una vez m\u00e1s o dejarlo en nuestra sala de ventas para que este pueda recogerlo en la misma.<\/p><p style=\"color: #000000; font-family: 'Times New Roman'; font-size: medium;\">\u00a0<\/p><ul><li style=\"color: #000000; font-family: 'Times New Roman'; font-size: medium;\">Despu\u00e9s de 15 d\u00edas h\u00e1biles de no haber recogido el producto en tienda, \u00e9ste ser\u00e1 reversado de acuerdo al formato de pago que se utiliz\u00f3.<\/li><\/ul><p style=\"color: #000000; font-family: 'Times New Roman'; font-size: medium;\">Nota: el servicio a domicilio se brindar\u00e1 solo en lugares en que se cuente con un camino seguro de acceso para veh\u00edculos comerciales, que est\u00e9 dentro del radio de acci\u00f3n de entregas de Industrias Mercar y las empresas transportistas que contractemos y zonas donde no se ponga en riesgo la seguridad o la integridad del personal.<\/p><p style=\"color: #000000; font-family: 'Times New Roman'; font-size: medium;\">\u00a0<\/p><p style=\"color: #000000; font-family: 'Times New Roman'; font-size: medium;\">M\u00e9todo de Pago Las formas de pago autorizadas desde www.industriasmercar.com son las siguientes:<\/p><ul><li style=\"color: #000000; font-family: 'Times New Roman'; font-size: medium;\">Tarjetas de Cr\u00e9dito y D\u00e9bito (Visa, Mastercard, American Express).<\/li><\/ul><p style=\"color: #000000; font-family: 'Times New Roman'; font-size: medium;\">\u00a0<\/p><p style=\"color: #000000; font-family: 'Times New Roman'; font-size: medium;\">Todas las formas de pago est\u00e1n sujetas a verificaci\u00f3n y autorizaci\u00f3n de los bancos emisores y\/o Industrias Mercar S.A. de C.V.<\/p><p style=\"color: #000000; font-family: 'Times New Roman'; font-size: medium;\">La transacci\u00f3n \u00fanicamente deber\u00e1 ser realizada por el titular del medio de pago.<\/p><p style=\"color: #000000; font-family: 'Times New Roman'; font-size: medium;\">Nuestro portal no puede negar la venta cuando el banco emisor ha autorizado la transacci\u00f3n y los datos registrados en nuestro sistema de venta coincidan con los del registro, por ende, queda fuera de la responsabilidad de Industrias Mercar el manejo y uso de tarjetas de cr\u00e9dito y\/o d\u00e9bito robadas.<\/p><p style=\"color: #000000; font-family: 'Times New Roman'; font-size: medium;\">\u00a0<\/p><p style=\"color: #000000; font-family: 'Times New Roman'; font-size: medium;\">El procesamiento de los pedidos est\u00e1 sujeto a la confirmaci\u00f3n de datos del cliente, por tanto, nos reservamos el derecho de rechazar cualquier pedido cuando no se logre confirmar alg\u00fan dato del cliente.<\/p><p style=\"color: #000000; font-family: 'Times New Roman'; font-size: medium;\">Industrias Mercar S.A. de C.V. no hace recargo de ninguna comisi\u00f3n o cobro extra por pagar en www.industriasmercar.com<\/p>\t\t\t\t\t\t\t\t<\/div>\n\t\t\t\t<\/div>\n\t\t\t\t\t<\/div>\n\t\t<\/div>\n\t\t\t\t\t<\/div>\n\t\t<\/section>\n\t\t\t\t<\/div>\n\t\t","protected":false},"excerpt":{"rendered":"<p>Condiciones de uso \u00a0 Industriasmercar.com pertenece a Industrias Mercar S.A. de C.V. \u00a0NIT: 0614-080311-104-7 \u00a0Raz\u00f3n Social: Mercados Artesanales S.A. de C.V. \u00a0Domicilio: Blvd. Venezuela #2731&#8230;<\/p>\n","protected":false},"author":1,"featured_media":0,"parent":0,"menu_order":0,"comment_status":"closed","ping_status":"closed","template":"elementor_header_footer","meta":{"nf_dc_page":"","_monsterinsights_skip_tracking":false,"_monsterinsights_sitenote_active":false,"_monsterinsights_sitenote_note":"","_monsterinsights_sitenote_category":0,"footnotes":""},"class_list":["post-7760","page","type-page","status-publish","hentry"],"aioseo_notices":[],"_links":{"self":[{"href":"https:\/\/industriasmercar.com\/tienda\/wp-json\/wp\/v2\/pages\/7760","targetHints":{"allow":["GET"]}}],"collection":[{"href":"https:\/\/industriasmercar.com\/tienda\/wp-json\/wp\/v2\/pages"}],"about":[{"href":"https:\/\/industriasmercar.com\/tienda\/wp-json\/wp\/v2\/types\/page"}],"author":[{"embeddable":true,"href":"https:\/\/industriasmercar.com\/tienda\/wp-json\/wp\/v2\/users\/1"}],"replies":[{"embeddable":true,"href":"https:\/\/industriasmercar.com\/tienda\/wp-json\/wp\/v2\/comments?post=7760"}],"version-history":[{"count":4,"href":"https:\/\/industriasmercar.com\/tienda\/wp-json\/wp\/v2\/pages\/7760\/revisions"}],"predecessor-version":[{"id":7764,"href":"https:\/\/industriasmercar.com\/tienda\/wp-json\/wp\/v2\/pages\/7760\/revisions\/7764"}],"wp:attachment":[{"href":"https:\/\/industriasmercar.com\/tienda\/wp-json\/wp\/v2\/media?parent=7760"}],"curies":[{"name":"wp","href":"https:\/\/api.w.org\/{rel}","templated":true}]}}