{"id":7002,"date":"2021-06-24T21:23:27","date_gmt":"2021-06-25T03:23:27","guid":{"rendered":"https:\/\/industriasmercar.com\/tienda\/?post_type=product&#038;p=7002"},"modified":"2021-11-04T14:28:58","modified_gmt":"2021-11-04T20:28:58","slug":"camiseta-skj-poliester-100-polyspun-185-grms-blanca","status":"publish","type":"product","link":"https:\/\/industriasmercar.com\/tienda\/producto\/camiseta-skj-poliester-100-polyspun-185-grms-blanca\/","title":{"rendered":"Camisetas Polyspun &#8211; Poli\u00e9ster 100% Hilado"},"content":{"rendered":"<p>Con nuestras nuevas camisetas Polyspun  obtienes una prenda fabricada para llevar el arte de sublimar a otro nivel.<\/p>\n<p>Dise\u00f1ada para ofrecerte una suavidad como si fuera una nube de algod\u00f3n, pero elaborada 100% con poli\u00e9ster hilado permite que cada impresi\u00f3n quede en tonos vibrantes, coloridos y puedas ofrecerle a tus clientes un producto de alta calidad a un costo muy accesible.<\/p>\n<p>\u00a1Te retamos a probarla y enamorarte de su calidad! <\/p>\n","protected":false},"excerpt":{"rendered":"<ul>\n<li>Camiseta Para Sublimar.<\/li>\n<li>M\u00e1xima Suavidad.<\/li>\n<li>Camiseta SKJ Poliester 100% PolySpun 185 grms Blanco.<\/li>\n<\/ul>\n","protected":false},"featured_media":7221,"comment_status":"open","ping_status":"closed","template":"","meta":{"nf_dc_page":"","_monsterinsights_skip_tracking":false,"_monsterinsights_sitenote_active":false,"_monsterinsights_sitenote_note":"","_monsterinsights_sitenote_category":0},"etheme_brands":[{"term_id":117,"name":"Polyspun","slug":"polyspun","term_group":0,"term_taxonomy_id":117,"taxonomy":"brand","description":"","parent":0,"count":2,"filter":"raw"}],"product_brand":[],"product_cat":[145,142],"product_tag":[83,84,118],"class_list":{"0":"post-7002","1":"product","2":"type-product","3":"status-publish","4":"has-post-thumbnail","6":"brand-polyspun","7":"product_cat-camisetas","8":"product_cat-sublimar-polyspun","9":"product_tag-blanca","10":"product_tag-camiseta","11":"product_tag-poliester","13":"first","14":"instock","15":"taxable","16":"shipping-taxable","17":"purchasable","18":"product-type-variable"},"aioseo_notices":[],"_links":{"self":[{"href":"https:\/\/industriasmercar.com\/tienda\/wp-json\/wp\/v2\/product\/7002","targetHints":{"allow":["GET"]}}],"collection":[{"href":"https:\/\/industriasmercar.com\/tienda\/wp-json\/wp\/v2\/product"}],"about":[{"href":"https:\/\/industriasmercar.com\/tienda\/wp-json\/wp\/v2\/types\/product"}],"replies":[{"embeddable":true,"href":"https:\/\/industriasmercar.com\/tienda\/wp-json\/wp\/v2\/comments?post=7002"}],"wp:featuredmedia":[{"embeddable":true,"href":"https:\/\/industriasmercar.com\/tienda\/wp-json\/wp\/v2\/media\/7221"}],"wp:attachment":[{"href":"https:\/\/industriasmercar.com\/tienda\/wp-json\/wp\/v2\/media?parent=7002"}],"wp:term":[{"taxonomy":"brand","embeddable":true,"href":"https:\/\/industriasmercar.com\/tienda\/wp-json\/wp\/v2\/etheme_brands?post=7002"},{"taxonomy":"product_brand","embeddable":true,"href":"https:\/\/industriasmercar.com\/tienda\/wp-json\/wp\/v2\/product_brand?post=7002"},{"taxonomy":"product_cat","embeddable":true,"href":"https:\/\/industriasmercar.com\/tienda\/wp-json\/wp\/v2\/product_cat?post=7002"},{"taxonomy":"product_tag","embeddable":true,"href":"https:\/\/industriasmercar.com\/tienda\/wp-json\/wp\/v2\/product_tag?post=7002"}],"curies":[{"name":"wp","href":"https:\/\/api.w.org\/{rel}","templated":true}]}}