{"id":7069,"date":"2021-06-24T21:24:30","date_gmt":"2021-06-25T03:24:30","guid":{"rendered":"https:\/\/industriasmercar.com\/tienda\/?post_type=product&#038;p=7069"},"modified":"2025-02-12T15:09:00","modified_gmt":"2025-02-12T21:09:00","slug":"camiseta-skj-190-gms-azul-turquesa","status":"publish","type":"product","link":"https:\/\/industriasmercar.com\/tienda\/producto\/camiseta-skj-190-gms-azul-turquesa\/","title":{"rendered":"Camiseta Turquesa para Adulto Cuello Redondo"},"content":{"rendered":"<p>Fabricamos camisetas de algod\u00f3n en diversidad de colores, las cuales poseen un talle unisex, de forma que tanto hombres como mujeres pueden utilizarlas.<\/p>\n<p>Nuestras camisetas son elaboradas siguiendo un cuidadoso control de calidad, garantizando as\u00ed una producci\u00f3n uniforme en tallas y colores.<\/p>\n<p>Todas las camisetas de colores de algod\u00f3n poseen cuello redondo (a excepci\u00f3n de la color negro y gris jaspeado las cuales tambi\u00e9n tenemos en cuello V).<\/p>\n","protected":false},"excerpt":{"rendered":"<ul>\n<li>Camiseta 100% Algod\u00f3n.<\/li>\n<li>Camiseta SKJ 190 Gms Turquesa.<\/li>\n<\/ul>\n","protected":false},"featured_media":7323,"comment_status":"open","ping_status":"closed","template":"","meta":{"nf_dc_page":"","_monsterinsights_skip_tracking":false,"_monsterinsights_sitenote_active":false,"_monsterinsights_sitenote_note":"","_monsterinsights_sitenote_category":0},"etheme_brands":[{"term_id":119,"name":"algod\u00f3n","slug":"algodon","term_group":0,"term_taxonomy_id":119,"taxonomy":"brand","description":"","parent":0,"count":19,"filter":"raw"},{"term_id":121,"name":"algod\u00f3n colores","slug":"algodon-colores","term_group":0,"term_taxonomy_id":121,"taxonomy":"brand","description":"","parent":0,"count":18,"filter":"raw"}],"product_brand":[],"product_cat":[145,140,80],"product_tag":[101,84,104],"class_list":{"0":"post-7069","1":"product","2":"type-product","3":"status-publish","4":"has-post-thumbnail","6":"brand-algodon","7":"brand-algodon-colores","8":"product_cat-camisetas","9":"product_cat-camisetas-algodon-adultos","10":"product_cat-camiseta-algdon-caballeros","11":"product_tag-azul","12":"product_tag-camiseta","13":"product_tag-turquesa","15":"first","16":"instock","17":"taxable","18":"shipping-taxable","19":"purchasable","20":"product-type-variable"},"aioseo_notices":[],"_links":{"self":[{"href":"https:\/\/industriasmercar.com\/tienda\/wp-json\/wp\/v2\/product\/7069","targetHints":{"allow":["GET"]}}],"collection":[{"href":"https:\/\/industriasmercar.com\/tienda\/wp-json\/wp\/v2\/product"}],"about":[{"href":"https:\/\/industriasmercar.com\/tienda\/wp-json\/wp\/v2\/types\/product"}],"replies":[{"embeddable":true,"href":"https:\/\/industriasmercar.com\/tienda\/wp-json\/wp\/v2\/comments?post=7069"}],"wp:featuredmedia":[{"embeddable":true,"href":"https:\/\/industriasmercar.com\/tienda\/wp-json\/wp\/v2\/media\/7323"}],"wp:attachment":[{"href":"https:\/\/industriasmercar.com\/tienda\/wp-json\/wp\/v2\/media?parent=7069"}],"wp:term":[{"taxonomy":"brand","embeddable":true,"href":"https:\/\/industriasmercar.com\/tienda\/wp-json\/wp\/v2\/etheme_brands?post=7069"},{"taxonomy":"product_brand","embeddable":true,"href":"https:\/\/industriasmercar.com\/tienda\/wp-json\/wp\/v2\/product_brand?post=7069"},{"taxonomy":"product_cat","embeddable":true,"href":"https:\/\/industriasmercar.com\/tienda\/wp-json\/wp\/v2\/product_cat?post=7069"},{"taxonomy":"product_tag","embeddable":true,"href":"https:\/\/industriasmercar.com\/tienda\/wp-json\/wp\/v2\/product_tag?post=7069"}],"curies":[{"name":"wp","href":"https:\/\/api.w.org\/{rel}","templated":true}]}}