{"id":7104,"date":"2021-06-24T22:23:00","date_gmt":"2021-06-25T04:23:00","guid":{"rendered":"https:\/\/industriasmercar.com\/tienda\/?post_type=product&#038;p=7104"},"modified":"2021-11-08T21:01:48","modified_gmt":"2021-11-09T03:01:48","slug":"camiseta-skj-200-gms-jaspeado","status":"publish","type":"product","link":"https:\/\/industriasmercar.com\/tienda\/producto\/camiseta-skj-200-gms-jaspeado\/","title":{"rendered":"Camiseta Gris Jaspeado para Adulto Cuello Redondo"},"content":{"rendered":"<p>Fabricamos camisetas color gris jaspeado las cuales tienen una mezcla de 90% hilo de algod\u00f3n y 10% hilo de poli\u00e9ster. Su talle es unisex, de forma que tanto hombres como mujeres pueden utilizarlas c\u00f3modamente.<\/p>\n<p>Nuestras camisetas son elaboradas siguiendo un cuidadoso control de calidad, garantizando as\u00ed una producci\u00f3n uniforme en tallas y colores.<br \/>\nLas camisetas gris jaspeado est\u00e1n disponibles tanto en cuello redondo como cuello V.<\/p>\n","protected":false},"excerpt":{"rendered":"<ul>\n<li>Camiseta 100% Algod\u00f3n.<\/li>\n<li>Camiseta SKJ 170 Gms Gris Jaspeado.<\/li>\n<\/ul>\n","protected":false},"featured_media":7241,"comment_status":"open","ping_status":"closed","template":"","meta":{"nf_dc_page":"","_monsterinsights_skip_tracking":false,"_monsterinsights_sitenote_active":false,"_monsterinsights_sitenote_note":"","_monsterinsights_sitenote_category":0},"etheme_brands":[{"term_id":119,"name":"algod\u00f3n","slug":"algodon","term_group":0,"term_taxonomy_id":119,"taxonomy":"brand","description":"","parent":0,"count":19,"filter":"raw"},{"term_id":121,"name":"algod\u00f3n colores","slug":"algodon-colores","term_group":0,"term_taxonomy_id":121,"taxonomy":"brand","description":"","parent":0,"count":18,"filter":"raw"}],"product_brand":[],"product_cat":[145,140,80],"product_tag":[84,85],"class_list":{"0":"post-7104","1":"product","2":"type-product","3":"status-publish","4":"has-post-thumbnail","6":"brand-algodon","7":"brand-algodon-colores","8":"product_cat-camisetas","9":"product_cat-camisetas-algodon-adultos","10":"product_cat-camiseta-algdon-caballeros","11":"product_tag-camiseta","12":"product_tag-jaspeado","14":"first","15":"instock","16":"taxable","17":"shipping-taxable","18":"purchasable","19":"product-type-variable"},"aioseo_notices":[],"_links":{"self":[{"href":"https:\/\/industriasmercar.com\/tienda\/wp-json\/wp\/v2\/product\/7104","targetHints":{"allow":["GET"]}}],"collection":[{"href":"https:\/\/industriasmercar.com\/tienda\/wp-json\/wp\/v2\/product"}],"about":[{"href":"https:\/\/industriasmercar.com\/tienda\/wp-json\/wp\/v2\/types\/product"}],"replies":[{"embeddable":true,"href":"https:\/\/industriasmercar.com\/tienda\/wp-json\/wp\/v2\/comments?post=7104"}],"wp:featuredmedia":[{"embeddable":true,"href":"https:\/\/industriasmercar.com\/tienda\/wp-json\/wp\/v2\/media\/7241"}],"wp:attachment":[{"href":"https:\/\/industriasmercar.com\/tienda\/wp-json\/wp\/v2\/media?parent=7104"}],"wp:term":[{"taxonomy":"brand","embeddable":true,"href":"https:\/\/industriasmercar.com\/tienda\/wp-json\/wp\/v2\/etheme_brands?post=7104"},{"taxonomy":"product_brand","embeddable":true,"href":"https:\/\/industriasmercar.com\/tienda\/wp-json\/wp\/v2\/product_brand?post=7104"},{"taxonomy":"product_cat","embeddable":true,"href":"https:\/\/industriasmercar.com\/tienda\/wp-json\/wp\/v2\/product_cat?post=7104"},{"taxonomy":"product_tag","embeddable":true,"href":"https:\/\/industriasmercar.com\/tienda\/wp-json\/wp\/v2\/product_tag?post=7104"}],"curies":[{"name":"wp","href":"https:\/\/api.w.org\/{rel}","templated":true}]}}