{"id":7205,"date":"2021-06-24T22:24:49","date_gmt":"2021-06-25T04:24:49","guid":{"rendered":"https:\/\/industriasmercar.com\/tienda\/?post_type=product&#038;p=7205"},"modified":"2021-11-08T20:50:37","modified_gmt":"2021-11-09T02:50:37","slug":"camisa-polo-dama-dbl-piq-250-gms-negra","status":"publish","type":"product","link":"https:\/\/industriasmercar.com\/tienda\/producto\/camisa-polo-dama-dbl-piq-250-gms-negra\/","title":{"rendered":"Camisa Tipo Polo Doble Pique Negra"},"content":{"rendered":"<p>Somos fabricantes de Camisas Tipo Polo en El Salvador, tanto para damas como para caballeros.<\/p>\n<p>Nuestras Camisas Polo doble Pique son elaboradas 100% de algod\u00f3n, volvi\u00e9ndolas prendas c\u00f3modas y frescas.<\/p>\n<p>Son una excelente opci\u00f3n para uniformes de equipos de trabajo, pues permite bordar el logo o nombre de tu empresa en diferentes \u00e1reas como el frente o mangas.<\/p>\n<p>Nuestra l\u00ednea de Camisas Tipo Polo para dama est\u00e1n disponibles en un amplio rango de tallas y colores.<\/p>\n","protected":false},"excerpt":{"rendered":"<ul>\n<li>Camisa Tipo Polo Pique Dama.<\/li>\n<li>Camisa Polo Dama DBL PIQ 250 Gms Negro.<\/li>\n<\/ul>\n","protected":false},"featured_media":7545,"comment_status":"open","ping_status":"closed","template":"","meta":{"nf_dc_page":"","_monsterinsights_skip_tracking":false,"_monsterinsights_sitenote_active":false,"_monsterinsights_sitenote_note":"","_monsterinsights_sitenote_category":0},"etheme_brands":[{"term_id":128,"name":"Polo pique dama","slug":"polo-pique-dama","term_group":0,"term_taxonomy_id":128,"taxonomy":"brand","description":"","parent":0,"count":6,"filter":"raw"}],"product_brand":[],"product_cat":[146,115],"product_tag":[84,116,114,110],"class_list":{"0":"post-7205","1":"product","2":"type-product","3":"status-publish","4":"has-post-thumbnail","6":"brand-polo-pique-dama","7":"product_cat-camisas-tipo-polo","8":"product_cat-camisa-tipo-polo-para-ella","9":"product_tag-camiseta","10":"product_tag-damas","11":"product_tag-negra","12":"product_tag-polo","14":"first","15":"instock","16":"taxable","17":"shipping-taxable","18":"purchasable","19":"product-type-variable"},"aioseo_notices":[],"_links":{"self":[{"href":"https:\/\/industriasmercar.com\/tienda\/wp-json\/wp\/v2\/product\/7205","targetHints":{"allow":["GET"]}}],"collection":[{"href":"https:\/\/industriasmercar.com\/tienda\/wp-json\/wp\/v2\/product"}],"about":[{"href":"https:\/\/industriasmercar.com\/tienda\/wp-json\/wp\/v2\/types\/product"}],"replies":[{"embeddable":true,"href":"https:\/\/industriasmercar.com\/tienda\/wp-json\/wp\/v2\/comments?post=7205"}],"wp:featuredmedia":[{"embeddable":true,"href":"https:\/\/industriasmercar.com\/tienda\/wp-json\/wp\/v2\/media\/7545"}],"wp:attachment":[{"href":"https:\/\/industriasmercar.com\/tienda\/wp-json\/wp\/v2\/media?parent=7205"}],"wp:term":[{"taxonomy":"brand","embeddable":true,"href":"https:\/\/industriasmercar.com\/tienda\/wp-json\/wp\/v2\/etheme_brands?post=7205"},{"taxonomy":"product_brand","embeddable":true,"href":"https:\/\/industriasmercar.com\/tienda\/wp-json\/wp\/v2\/product_brand?post=7205"},{"taxonomy":"product_cat","embeddable":true,"href":"https:\/\/industriasmercar.com\/tienda\/wp-json\/wp\/v2\/product_cat?post=7205"},{"taxonomy":"product_tag","embeddable":true,"href":"https:\/\/industriasmercar.com\/tienda\/wp-json\/wp\/v2\/product_tag?post=7205"}],"curies":[{"name":"wp","href":"https:\/\/api.w.org\/{rel}","templated":true}]}}